{"id":85793,"date":"2025-11-14T10:43:12","date_gmt":"2025-11-14T09:43:12","guid":{"rendered":"https:\/\/smarttrans.pl\/?page_id=85793"},"modified":"2025-11-14T11:15:20","modified_gmt":"2025-11-14T10:15:20","slug":"kariera","status":"publish","type":"page","link":"https:\/\/smarttrans.pl\/en\/kariera\/","title":{"rendered":"Kariera"},"content":{"rendered":"<div data-elementor-type=\"wp-page\" data-elementor-id=\"85793\" class=\"elementor elementor-85793\" data-elementor-settings=\"[]\">\n\t\t\t\t\t\t\t<div class=\"elementor-section-wrap\">\n\t\t\t\t\t\t\t<section class=\"elementor-section elementor-top-section elementor-element elementor-element-7145af16 elementor-section-full_width elementor-section-content-middle elementor-section-stretched elementor-section-height-default elementor-section-height-default\" data-id=\"7145af16\" data-element_type=\"section\" data-settings=\"{&quot;stretch_section&quot;:&quot;section-stretched&quot;,&quot;background_background&quot;:&quot;classic&quot;}\">\n\t\t\t\t\t\t<div class=\"elementor-container elementor-column-gap-default\">\n\t\t\t\t\t<div class=\"elementor-column elementor-col-100 elementor-top-column elementor-element elementor-element-3a6ce339\" data-fullscreen-column-settings=\"{&quot;fullscreen&quot;:&quot;&quot;}\" data-id=\"3a6ce339\" data-element_type=\"column\">\n\t\t\t<div class=\"elementor-widget-wrap elementor-element-populated\">\n\t\t\t\t\t\t\t\t<div class=\"elementor-element elementor-element-48e29bff elementor-invisible elementor-widget elementor-widget-heading\" data-id=\"48e29bff\" data-element_type=\"widget\" data-settings=\"{&quot;_animation&quot;:&quot;fadeInUp&quot;}\" data-widget_type=\"heading.default\">\n\t\t\t\t<div class=\"elementor-widget-container\">\n\t\t\t<style>\/*! elementor - v3.5.6 - 28-02-2022 *\/\n.elementor-heading-title{padding:0;margin:0;line-height:1}.elementor-widget-heading .elementor-heading-title[class*=elementor-size-]>a{color:inherit;font-size:inherit;line-height:inherit}.elementor-widget-heading .elementor-heading-title.elementor-size-small{font-size:15px}.elementor-widget-heading .elementor-heading-title.elementor-size-medium{font-size:19px}.elementor-widget-heading .elementor-heading-title.elementor-size-large{font-size:29px}.elementor-widget-heading .elementor-heading-title.elementor-size-xl{font-size:39px}.elementor-widget-heading .elementor-heading-title.elementor-size-xxl{font-size:59px}<\/style><h2 class=\"elementor-heading-title elementor-size-default\">Kariera<\/h2>\t\t<\/div>\n\t\t\t\t<\/div>\n\t\t\t\t<div class=\"elementor-element elementor-element-789bf2b3 st-separator elementor-invisible elementor-widget elementor-widget-litho-separator\" data-id=\"789bf2b3\" data-element_type=\"widget\" data-settings=\"{&quot;_animation&quot;:&quot;fadeInUp&quot;}\" data-widget_type=\"litho-separator.default\">\n\t\t\t\t<div class=\"elementor-widget-container\">\n\t\t\t\t\t\t\t\t\t\t<div class=\"separator-wrap\"><div class=\"separator-line\"><\/div><\/div>\n\t\t\t\t\t\t\t\t<\/div>\n\t\t\t\t<\/div>\n\t\t\t\t\t<\/div>\n\t\t<\/div>\n\t\t\t\t\t\t\t<\/div>\n\t\t<\/section>\n\t\t\t\t<section class=\"elementor-section elementor-top-section elementor-element elementor-element-34057df9 elementor-section-full_width elementor-section-content-middle elementor-section-stretched .slanted-box elementor-section-height-min-height elementor-section-items-stretch elementor-section-height-default\" data-id=\"34057df9\" data-element_type=\"section\" data-settings=\"{&quot;stretch_section&quot;:&quot;section-stretched&quot;,&quot;background_background&quot;:&quot;gradient&quot;}\">\n\t\t\t\t\t\t<div class=\"elementor-container elementor-column-gap-default\">\n\t\t\t\t\t<div class=\"elementor-column elementor-col-100 elementor-top-column elementor-element elementor-element-2f4cefcd .slanted-content-after\" data-fullscreen-column-settings=\"{&quot;fullscreen&quot;:&quot;&quot;}\" data-id=\"2f4cefcd\" data-element_type=\"column\" data-settings=\"{&quot;background_background&quot;:&quot;classic&quot;}\">\n\t\t\t<div class=\"elementor-widget-wrap elementor-element-populated\">\n\t\t\t\t\t\t\t\t<div class=\"elementor-element elementor-element-7c8ad69 elementor-widget elementor-widget-text-editor\" data-id=\"7c8ad69\" data-element_type=\"widget\" data-widget_type=\"text-editor.default\">\n\t\t\t\t<div class=\"elementor-widget-container\">\n\t\t\t<style>\/*! elementor - v3.5.6 - 28-02-2022 *\/\n.elementor-widget-text-editor.elementor-drop-cap-view-stacked .elementor-drop-cap{background-color:#818a91;color:#fff}.elementor-widget-text-editor.elementor-drop-cap-view-framed .elementor-drop-cap{color:#818a91;border:3px solid;background-color:transparent}.elementor-widget-text-editor:not(.elementor-drop-cap-view-default) .elementor-drop-cap{margin-top:8px}.elementor-widget-text-editor:not(.elementor-drop-cap-view-default) .elementor-drop-cap-letter{width:1em;height:1em}.elementor-widget-text-editor .elementor-drop-cap{float:left;text-align:center;line-height:1;font-size:50px}.elementor-widget-text-editor .elementor-drop-cap-letter{display:inline-block}<\/style>\t\t\t\t<h4><strong>Specjalista d\/s Transportu Drogowego<\/strong><\/h4><p>\u00a0<\/p><p>SMART TRANS tworz\u0105 SMART LUDZIE, czyli skuteczni handlowcy i profesjonalni spedytorzy w jednym, multizadaniowi fachowcy!<\/p><p>Najbardziej liczy si\u0119 dla nas Twoja osobowo\u015b\u0107 i si\u0142a przebicia!<br \/>Teorii Ci\u0119 nauczymy!<br \/>Wa\u017cny jest zapa\u0142 i komunikatywno\u015b\u0107; w tej pracy si\u0119 ci\u0105gle rozmawia, negocjuje i handluje, konsekwentnie buduj\u0105c sw\u00f3j portfel lojalnych klient\u00f3w.<\/p><p>Szukamy os\u00f3b do sprzeda\u017cy us\u0142ug spedycyjnych.<br \/>Do\u015bwiadczenie na stanowisku przedstawiciela handlowego b\u0105d\u017a spedytora mile widziane, ale nie wymagane.<\/p><p><strong>Obowi\u0105zki:<\/strong><br \/>Pozyskiwanie nowych klient\u00f3w<br \/>obs\u0142uga spedycyjna- organizowanie transportu, znajdywanie pojazdu odpowiedniego do przewozu danego towaru<br \/>ofertowanie, nawi\u0105zywanie trwa\u0142ych relacji biznesowych, rozmowy, spotkania, negocjacje i kalkulacje<\/p><p><strong>Co oferujemy:<\/strong><br \/>Wynagrodzenie &#8211; podstawa+ prowizja<br \/>Pakiet Multisport<br \/>Ubezpieczenie Zdrowotne dla ca\u0142ej rodziny<br \/>Elastyczny czas pracy<br \/>Mozliwo\u015b\u0107 pracy zdalnej<br \/>Wsparcie wykwalifikowanego zespo\u0142u<br \/>Pakiet szkole\u0144<\/p><p>Je\u015bli taka praca jest dla Ciebie &#8211; aplikuj!<\/p>\t\t\t\t\t\t<\/div>\n\t\t\t\t<\/div>\n\t\t\t\t\t<\/div>\n\t\t<\/div>\n\t\t\t\t\t\t\t<\/div>\n\t\t<\/section>\n\t\t\t\t<section class=\"elementor-section elementor-top-section elementor-element elementor-element-702b35e9 elementor-section-boxed elementor-section-height-default elementor-section-height-default elementor-invisible\" data-id=\"702b35e9\" data-element_type=\"section\" data-settings=\"{&quot;animation&quot;:&quot;fadeIn&quot;}\">\n\t\t\t\t\t\t<div class=\"elementor-container elementor-column-gap-default\">\n\t\t\t\t\t<div class=\"elementor-column elementor-col-100 elementor-top-column elementor-element elementor-element-fa324da\" data-fullscreen-column-settings=\"{&quot;fullscreen&quot;:&quot;&quot;}\" data-id=\"fa324da\" data-element_type=\"column\">\n\t\t\t<div class=\"elementor-widget-wrap elementor-element-populated\">\n\t\t\t\t\t\t\t\t<section class=\"elementor-section elementor-inner-section elementor-element elementor-element-3d262547 elementor-section-boxed elementor-section-height-default elementor-section-height-default\" data-id=\"3d262547\" data-element_type=\"section\">\n\t\t\t\t\t\t<div class=\"elementor-container elementor-column-gap-default\">\n\t\t\t\t\t<div class=\"elementor-column elementor-col-100 elementor-inner-column elementor-element elementor-element-6f79ab20\" data-fullscreen-column-settings=\"{&quot;fullscreen&quot;:&quot;&quot;}\" data-id=\"6f79ab20\" data-element_type=\"column\">\n\t\t\t<div class=\"elementor-widget-wrap elementor-element-populated\">\n\t\t\t\t\t\t\t\t<div class=\"elementor-element elementor-element-3b651d6f elementor-widget elementor-widget-litho-heading\" data-id=\"3b651d6f\" data-element_type=\"widget\" data-widget_type=\"litho-heading.default\">\n\t\t\t\t<div class=\"elementor-widget-container\">\n\t\t\t<span class=\"litho-heading elementor-size-default\"><span class=\"litho-primary-title\">Chcesz do nas do\u0142\u0105czy\u0107?<\/span><\/span>\t\t<\/div>\n\t\t\t\t<\/div>\n\t\t\t\t<div class=\"elementor-element elementor-element-3b55ac44 elementor-widget elementor-widget-litho-heading\" data-id=\"3b55ac44\" data-element_type=\"widget\" data-widget_type=\"litho-heading.default\">\n\t\t\t\t<div class=\"elementor-widget-container\">\n\t\t\t<h4 class=\"litho-heading elementor-size-default\"><span class=\"litho-primary-title\">Zostaw nam swoje dane i CV<\/span><\/h4>\t\t<\/div>\n\t\t\t\t<\/div>\n\t\t\t\t<div class=\"elementor-element elementor-element-7e0116a7 elementor-widget elementor-widget-litho-contact-form\" data-id=\"7e0116a7\" data-element_type=\"widget\" data-widget_type=\"litho-contact-form.default\">\n\t\t\t\t<div class=\"elementor-widget-container\">\n\t\t\t\t\t\t\t<div class=\"contact-form-wrapper\">\n\t\t\t\t\t<div role=\"form\" class=\"wpcf7\" id=\"wpcf7-f85805-o1\" lang=\"en-US\" dir=\"ltr\">\n<div class=\"screen-reader-response\"><p role=\"status\" aria-live=\"polite\" aria-atomic=\"true\"><\/p> <ul><\/ul><\/div>\n<form action=\"\/en\/wp-json\/wp\/v2\/pages\/85793#wpcf7-f85805-o1\" method=\"post\" class=\"wpcf7-form init\" enctype=\"multipart\/form-data\" novalidate=\"novalidate\" data-status=\"init\" data-trp-original-action=\"\/en\/wp-json\/wp\/v2\/pages\/85793#wpcf7-f85805-o1\">\n<div style=\"display: none;\">\n<input type=\"hidden\" name=\"_wpcf7\" value=\"85805\" \/>\n<input type=\"hidden\" name=\"_wpcf7_version\" value=\"5.5.6\" \/>\n<input type=\"hidden\" name=\"_wpcf7_locale\" value=\"en_US\" \/>\n<input type=\"hidden\" name=\"_wpcf7_unit_tag\" value=\"wpcf7-f85805-o1\" \/>\n<input type=\"hidden\" name=\"_wpcf7_container_post\" value=\"0\" \/>\n<input type=\"hidden\" name=\"_wpcf7_posted_data_hash\" value=\"\" \/>\n<input type=\"hidden\" name=\"_wpcf7_recaptcha_response\" value=\"\" \/>\n<\/div>\n<div class=\"row row-cols-1 row-cols-md-2 cv-form\">\n<div class=\"col\">\n<span class=\"wpcf7-form-control-wrap your-name\"><input type=\"text\" name=\"your-name\" value=\"\" size=\"40\" class=\"wpcf7-form-control wpcf7-text wpcf7-validates-as-required\" aria-required=\"true\" aria-invalid=\"false\" placeholder=\"Twoje imi\u0119 i nazwisko *\" \/><\/span><br \/>\n<span class=\"wpcf7-form-control-wrap your-email-address\"><input type=\"email\" name=\"your-email-address\" value=\"\" size=\"40\" class=\"wpcf7-form-control wpcf7-text wpcf7-email wpcf7-validates-as-required wpcf7-validates-as-email\" aria-required=\"true\" aria-invalid=\"false\" placeholder=\"Your e-mail address *\" \/><\/span><br \/>\n<span class=\"wpcf7-form-control-wrap your-mobile\"><input type=\"text\" name=\"your-mobile\" value=\"\" size=\"40\" class=\"wpcf7-form-control wpcf7-text\" aria-invalid=\"false\" placeholder=\"Your phone number\" \/><\/span><\/div>\n<div class=\"col\" style=\"display: flex; flex-direction: column; flex: 1; justify-content: space-between;\">\n<div>\n<label for=\"yourcv\">Twoje CV *<\/label><br \/>\n<span class=\"wpcf7-form-control-wrap your-cv\"><input type=\"file\" name=\"your-cv\" size=\"40\" class=\"wpcf7-form-control wpcf7-file wpcf7-validates-as-required\" id=\"yourcv\" accept=\".image,.txt,.pdf\" aria-required=\"true\" aria-invalid=\"false\" \/><\/span>\n<\/div>\n<p><span class=\"contact-form-text\"><span class=\"wpcf7-form-control-wrap your-consent\"><span class=\"wpcf7-form-control wpcf7-acceptance\"><span class=\"wpcf7-list-item\"><label><input type=\"checkbox\" name=\"your-consent\" value=\"1\" aria-invalid=\"false\" \/><span class=\"wpcf7-list-item-label\">I agree to the terms of service and understand that my data will be stored securely in accordance with <a href=\"https:\/\/smarttrans.pl\/en\/polityka-prywatnosci\/\">the privacy policy<\/a>.<\/span><\/label><\/span><\/span><\/span><\/span>\n<\/div>\n<div class=\"col\">\n<\/div>\n<div class=\"col litho-button-wrapper contact-simple\"><input type=\"submit\" value=\"Send\" class=\"wpcf7-form-control has-spinner wpcf7-submit elementor-button\" \/><\/div>\n<\/div>\n<div class=\"wpcf7-response-output\" aria-hidden=\"true\"><\/div><input type=\"hidden\" name=\"trp-form-language\" value=\"en\"\/><\/form><\/div>\t\t\t\t<\/div>\n\t\t  \t\t<\/div>\n\t\t\t\t<\/div>\n\t\t\t\t\t<\/div>\n\t\t<\/div>\n\t\t\t\t\t\t\t<\/div>\n\t\t<\/section>\n\t\t\t\t\t<\/div>\n\t\t<\/div>\n\t\t\t\t\t\t\t<\/div>\n\t\t<\/section>\n\t\t\t\t<section class=\"elementor-section elementor-top-section elementor-element elementor-element-18eedc35 elementor-section-full_width elementor-section-height-default elementor-section-height-default\" data-id=\"18eedc35\" data-element_type=\"section\">\n\t\t\t\t\t\t<div class=\"elementor-container elementor-column-gap-default\">\n\t\t\t\t\t<div class=\"elementor-column elementor-col-100 elementor-top-column elementor-element elementor-element-5fd5e3f7\" data-fullscreen-column-settings=\"{&quot;fullscreen&quot;:&quot;&quot;}\" data-id=\"5fd5e3f7\" data-element_type=\"column\">\n\t\t\t<div class=\"elementor-widget-wrap elementor-element-populated\">\n\t\t\t\t\t\t\t\t<div class=\"elementor-element elementor-element-6f2e432d st-link5 elementor-invisible elementor-widget elementor-widget-litho-heading\" data-id=\"6f2e432d\" data-element_type=\"widget\" data-settings=\"{&quot;_animation&quot;:&quot;fadeInUp&quot;}\" data-widget_type=\"litho-heading.default\">\n\t\t\t\t<div class=\"elementor-widget-container\">\n\t\t\t<h2 class=\"litho-heading elementor-size-default\"><span class=\"litho-primary-title\">Let\u2019s talk<\/span><span class=\"litho-secondary-title\"><a href=\"tel:+48586992250\">+48 58 699 22 50<\/a><\/span><\/h2>\t\t<\/div>\n\t\t\t\t<\/div>\n\t\t\t\t\t<\/div>\n\t\t<\/div>\n\t\t\t\t\t\t\t<\/div>\n\t\t<\/section>\n\t\t\t\t\t\t<\/div>\n\t\t\t\t\t<\/div>","protected":false},"excerpt":{"rendered":"<p>Kariera Specjalista d\/s Transportu Drogowego SMART TRANS tworz\u0105 SMART LUDZIE, czyli skuteczni handlowcy i profesjonalni spedytorzy w jednym, multizadaniowi fachowcy! Najbardziej liczy si\u0119 dla nas Twoja osobowo\u015b\u0107 i si\u0142a przebicia! Teorii Ci\u0119 nauczymy! Wa\u017cny jest zapa\u0142 i komunikatywno\u015b\u0107; w tej pracy si\u0119 ci\u0105gle rozmawia, negocjuje i handluje, konsekwentnie buduj\u0105c sw\u00f3j portfel lojalnych klient\u00f3w. Szukamy os\u00f3b [&hellip;]<\/p>","protected":false},"author":4,"featured_media":0,"parent":0,"menu_order":0,"comment_status":"closed","ping_status":"closed","template":"","meta":{"inline_featured_image":false},"_links":{"self":[{"href":"https:\/\/smarttrans.pl\/en\/wp-json\/wp\/v2\/pages\/85793"}],"collection":[{"href":"https:\/\/smarttrans.pl\/en\/wp-json\/wp\/v2\/pages"}],"about":[{"href":"https:\/\/smarttrans.pl\/en\/wp-json\/wp\/v2\/types\/page"}],"author":[{"embeddable":true,"href":"https:\/\/smarttrans.pl\/en\/wp-json\/wp\/v2\/users\/4"}],"replies":[{"embeddable":true,"href":"https:\/\/smarttrans.pl\/en\/wp-json\/wp\/v2\/comments?post=85793"}],"version-history":[{"count":11,"href":"https:\/\/smarttrans.pl\/en\/wp-json\/wp\/v2\/pages\/85793\/revisions"}],"predecessor-version":[{"id":85818,"href":"https:\/\/smarttrans.pl\/en\/wp-json\/wp\/v2\/pages\/85793\/revisions\/85818"}],"wp:attachment":[{"href":"https:\/\/smarttrans.pl\/en\/wp-json\/wp\/v2\/media?parent=85793"}],"curies":[{"name":"wp","href":"https:\/\/api.w.org\/{rel}","templated":true}]}}