{"id":77718,"date":"2022-03-16T10:17:00","date_gmt":"2022-03-16T09:17:00","guid":{"rendered":"https:\/\/smarttrans.pl\/?page_id=77718"},"modified":"2022-05-10T15:29:06","modified_gmt":"2022-05-10T13:29:06","slug":"lad","status":"publish","type":"page","link":"https:\/\/smarttrans.pl\/en\/lad\/","title":{"rendered":"LAND"},"content":{"rendered":"<div data-elementor-type=\"wp-page\" data-elementor-id=\"77718\" class=\"elementor elementor-77718\" data-elementor-settings=\"[]\">\n\t\t\t\t\t\t\t<div class=\"elementor-section-wrap\">\n\t\t\t\t\t\t\t<section class=\"elementor-section elementor-top-section elementor-element elementor-element-804ce15 elementor-section-full_width elementor-section-content-middle elementor-section-stretched elementor-section-height-default elementor-section-height-default\" data-id=\"804ce15\" data-element_type=\"section\" data-settings=\"{&quot;stretch_section&quot;:&quot;section-stretched&quot;,&quot;background_background&quot;:&quot;classic&quot;}\">\n\t\t\t\t\t\t<div class=\"elementor-container elementor-column-gap-default\">\n\t\t\t\t\t<div class=\"elementor-column elementor-col-100 elementor-top-column elementor-element elementor-element-bd56b4e\" data-fullscreen-column-settings=\"{&quot;fullscreen&quot;:&quot;&quot;}\" data-id=\"bd56b4e\" data-element_type=\"column\">\n\t\t\t<div class=\"elementor-widget-wrap elementor-element-populated\">\n\t\t\t\t\t\t\t\t<div class=\"elementor-element elementor-element-79aed68 elementor-invisible elementor-widget elementor-widget-heading\" data-id=\"79aed68\" data-element_type=\"widget\" data-settings=\"{&quot;_animation&quot;:&quot;fadeInUp&quot;}\" data-widget_type=\"heading.default\">\n\t\t\t\t<div class=\"elementor-widget-container\">\n\t\t\t<style>\/*! elementor - v3.5.6 - 28-02-2022 *\/\n.elementor-heading-title{padding:0;margin:0;line-height:1}.elementor-widget-heading .elementor-heading-title[class*=elementor-size-]>a{color:inherit;font-size:inherit;line-height:inherit}.elementor-widget-heading .elementor-heading-title.elementor-size-small{font-size:15px}.elementor-widget-heading .elementor-heading-title.elementor-size-medium{font-size:19px}.elementor-widget-heading .elementor-heading-title.elementor-size-large{font-size:29px}.elementor-widget-heading .elementor-heading-title.elementor-size-xl{font-size:39px}.elementor-widget-heading .elementor-heading-title.elementor-size-xxl{font-size:59px}<\/style><h2 class=\"elementor-heading-title elementor-size-default\">L\u0105d<\/h2>\t\t<\/div>\n\t\t\t\t<\/div>\n\t\t\t\t<div class=\"elementor-element elementor-element-7650f96 st-separator elementor-invisible elementor-widget elementor-widget-litho-separator\" data-id=\"7650f96\" data-element_type=\"widget\" data-settings=\"{&quot;_animation&quot;:&quot;fadeInUp&quot;}\" data-widget_type=\"litho-separator.default\">\n\t\t\t\t<div class=\"elementor-widget-container\">\n\t\t\t\t\t\t\t\t\t\t<div class=\"separator-wrap\"><div class=\"separator-line\"><\/div><\/div>\n\t\t\t\t\t\t\t\t<\/div>\n\t\t\t\t<\/div>\n\t\t\t\t\t<\/div>\n\t\t<\/div>\n\t\t\t\t\t\t\t<\/div>\n\t\t<\/section>\n\t\t\t\t<section class=\"elementor-section elementor-top-section elementor-element elementor-element-1f6804b elementor-section-full_width .slanted-box elementor-section-height-default elementor-section-height-default\" data-id=\"1f6804b\" data-element_type=\"section\" data-settings=\"{&quot;background_background&quot;:&quot;classic&quot;}\">\n\t\t\t\t\t\t<div class=\"elementor-container elementor-column-gap-default\">\n\t\t\t\t\t<div class=\"elementor-column elementor-col-100 elementor-top-column elementor-element elementor-element-537e90f\" data-fullscreen-column-settings=\"{&quot;fullscreen&quot;:&quot;&quot;}\" data-id=\"537e90f\" data-element_type=\"column\">\n\t\t\t<div class=\"elementor-widget-wrap elementor-element-populated\">\n\t\t\t\t\t\t\t\t<div class=\"elementor-element elementor-element-528d283 elementor-invisible elementor-widget elementor-widget-heading\" data-id=\"528d283\" data-element_type=\"widget\" data-settings=\"{&quot;_animation&quot;:&quot;fadeInUp&quot;,&quot;_animation_delay&quot;:500}\" data-widget_type=\"heading.default\">\n\t\t\t\t<div class=\"elementor-widget-container\">\n\t\t\t<h2 class=\"elementor-heading-title elementor-size-default\">Jako Spedycja Mi\u0119dzynarodowa SMART TRANS\u00ae oferujemy kompleksow\u0105 obs\u0142ug\u0119 wszystkich towar\u00f3w w eksporcie, imporcie oraz tranzycie przewo\u017conych drog\u0105 morsk\u0105, L\u0104DOW\u0104 i \u015br\u00f3dl\u0105dow\u0105. <\/h2>\t\t<\/div>\n\t\t\t\t<\/div>\n\t\t\t\t\t<\/div>\n\t\t<\/div>\n\t\t\t\t\t\t\t<\/div>\n\t\t<\/section>\n\t\t\t\t<section class=\"elementor-section elementor-top-section elementor-element elementor-element-241cce3 elementor-section-full_width elementor-section-content-middle elementor-section-stretched .slanted-box elementor-section-height-default elementor-section-height-default\" data-id=\"241cce3\" data-element_type=\"section\" data-settings=\"{&quot;stretch_section&quot;:&quot;section-stretched&quot;,&quot;background_background&quot;:&quot;gradient&quot;}\">\n\t\t\t\t\t\t<div class=\"elementor-container elementor-column-gap-default\">\n\t\t\t\t\t<div class=\"elementor-column elementor-col-50 elementor-top-column elementor-element elementor-element-5784683 .slanted-content-after\" data-fullscreen-column-settings=\"{&quot;fullscreen&quot;:&quot;&quot;}\" data-id=\"5784683\" data-element_type=\"column\" data-settings=\"{&quot;background_background&quot;:&quot;classic&quot;}\">\n\t\t\t<div class=\"elementor-widget-wrap elementor-element-populated\">\n\t\t\t\t\t\t\t\t<div class=\"elementor-element elementor-element-c3b29d6 elementor-invisible elementor-widget elementor-widget-text-editor\" data-id=\"c3b29d6\" data-element_type=\"widget\" data-settings=\"{&quot;_animation&quot;:&quot;fadeInUp&quot;}\" data-widget_type=\"text-editor.default\">\n\t\t\t\t<div class=\"elementor-widget-container\">\n\t\t\t<style>\/*! elementor - v3.5.6 - 28-02-2022 *\/\n.elementor-widget-text-editor.elementor-drop-cap-view-stacked .elementor-drop-cap{background-color:#818a91;color:#fff}.elementor-widget-text-editor.elementor-drop-cap-view-framed .elementor-drop-cap{color:#818a91;border:3px solid;background-color:transparent}.elementor-widget-text-editor:not(.elementor-drop-cap-view-default) .elementor-drop-cap{margin-top:8px}.elementor-widget-text-editor:not(.elementor-drop-cap-view-default) .elementor-drop-cap-letter{width:1em;height:1em}.elementor-widget-text-editor .elementor-drop-cap{float:left;text-align:center;line-height:1;font-size:50px}.elementor-widget-text-editor .elementor-drop-cap-letter{display:inline-block}<\/style>\t\t\t\t<p>W ramach spedycji drogowej organizujemy:<\/p><p>\u2022 Przewozy standardowymi zestawami plandekowymi o \u0142adowno\u015bci 24 tony i kubaturze 120 m3<br \/>\u2022 Przewozy ekspresowych przesy\u0142ek drobnicowych w systemie &#8222;door-door&#8221; ma\u0142ymi samochodami do 3,5 ton \u0142adowno\u015bci<br \/>\u2022 Przewozy naczepami specjalistycznymi \u0142adunk\u00f3w ci\u0119\u017ckich i ponadgabarytowych<br \/>\u2022 Przewozy kontener\u00f3w &#8222;do i z&#8221; Port\u00f3w Morskich<br \/>\u2022 Przewozy towar\u00f3w niebezpiecznych ADR<br \/>\u2022 Przewozy samochodami specjalnymi takimi jak ch\u0142odnie, furgony itp.<\/p><p>W trakcie realizacji transport\u00f3w, mamy sta\u0142\u0105 \u0142\u0105czno\u015b\u0107 z kierowcami, dzi\u0119ki czemu, mo\u017cemy informowa\u0107 Pa\u0144stwa na bie\u017c\u0105co o przebiegu procesu transportowego.<br \/>Wszystkie przewozy s\u0105 ubezpieczone w ramach polis odpowiedzialno\u015bci cywilnej przewo\u017anika.<\/p>\t\t\t\t\t\t<\/div>\n\t\t\t\t<\/div>\n\t\t\t\t\t<\/div>\n\t\t<\/div>\n\t\t\t\t<div class=\"elementor-column elementor-col-50 elementor-top-column elementor-element elementor-element-502caf8\" data-fullscreen-column-settings=\"{&quot;fullscreen&quot;:&quot;&quot;}\" data-id=\"502caf8\" data-element_type=\"column\" data-settings=\"{&quot;background_background&quot;:&quot;classic&quot;}\">\n\t\t\t<div class=\"elementor-widget-wrap elementor-element-populated\">\n\t\t\t\t\t\t\t\t<div class=\"elementor-element elementor-element-be11f05 st-link3 elementor-invisible elementor-widget elementor-widget-litho-heading\" data-id=\"be11f05\" data-element_type=\"widget\" data-settings=\"{&quot;_animation&quot;:&quot;fadeInUp&quot;}\" data-widget_type=\"litho-heading.default\">\n\t\t\t\t<div class=\"elementor-widget-container\">\n\t\t\t<h2 class=\"litho-heading elementor-size-default\"><span class=\"litho-primary-title\"><span class=\"st-nowrap\">Szybko<\/span><\/br><\/br><span class=\"st-nowrap\">Bezpiecznie<\/span><\/br><\/br><span class=\"st-nowrap\">Pewnie<\/span><\/span><\/h2>\t\t<\/div>\n\t\t\t\t<\/div>\n\t\t\t\t\t<\/div>\n\t\t<\/div>\n\t\t\t\t\t\t\t<\/div>\n\t\t<\/section>\n\t\t\t\t<section class=\"elementor-section elementor-top-section elementor-element elementor-element-6da2ea8 elementor-section-full_width elementor-section-height-default elementor-section-height-default\" data-id=\"6da2ea8\" data-element_type=\"section\">\n\t\t\t\t\t\t<div class=\"elementor-container elementor-column-gap-default\">\n\t\t\t\t\t<div class=\"elementor-column elementor-col-100 elementor-top-column elementor-element elementor-element-2d4d9c4\" data-fullscreen-column-settings=\"{&quot;fullscreen&quot;:&quot;&quot;}\" data-id=\"2d4d9c4\" data-element_type=\"column\">\n\t\t\t<div class=\"elementor-widget-wrap elementor-element-populated\">\n\t\t\t\t\t\t\t\t<div class=\"elementor-element elementor-element-47e060c st-link5 elementor-invisible elementor-widget elementor-widget-litho-heading\" data-id=\"47e060c\" data-element_type=\"widget\" data-settings=\"{&quot;_animation&quot;:&quot;fadeInUp&quot;}\" data-widget_type=\"litho-heading.default\">\n\t\t\t\t<div class=\"elementor-widget-container\">\n\t\t\t<h2 class=\"litho-heading elementor-size-default\"><span class=\"litho-primary-title\">Let\u2019s talk<\/span><span class=\"litho-secondary-title\"><a href=\"tel:+48586992250\">+48 58 699 22 50<\/a><\/span><\/h2>\t\t<\/div>\n\t\t\t\t<\/div>\n\t\t\t\t\t<\/div>\n\t\t<\/div>\n\t\t\t\t\t\t\t<\/div>\n\t\t<\/section>\n\t\t\t\t\t\t<\/div>\n\t\t\t\t\t<\/div>","protected":false},"excerpt":{"rendered":"<p>L\u0105d Jako Spedycja Mi\u0119dzynarodowa SMART TRANS\u00ae oferujemy kompleksow\u0105 obs\u0142ug\u0119 wszystkich towar\u00f3w w eksporcie, imporcie oraz tranzycie przewo\u017conych drog\u0105 morsk\u0105, L\u0104DOW\u0104 i \u015br\u00f3dl\u0105dow\u0105. W ramach spedycji drogowej organizujemy: \u2022 Przewozy standardowymi zestawami plandekowymi o \u0142adowno\u015bci 24 tony i kubaturze 120 m3\u2022 Przewozy ekspresowych przesy\u0142ek drobnicowych w systemie &#8222;door-door&#8221; ma\u0142ymi samochodami do 3,5 ton \u0142adowno\u015bci\u2022 Przewozy naczepami [&hellip;]<\/p>","protected":false},"author":1,"featured_media":0,"parent":0,"menu_order":0,"comment_status":"closed","ping_status":"closed","template":"","meta":{"inline_featured_image":false},"_links":{"self":[{"href":"https:\/\/smarttrans.pl\/en\/wp-json\/wp\/v2\/pages\/77718"}],"collection":[{"href":"https:\/\/smarttrans.pl\/en\/wp-json\/wp\/v2\/pages"}],"about":[{"href":"https:\/\/smarttrans.pl\/en\/wp-json\/wp\/v2\/types\/page"}],"author":[{"embeddable":true,"href":"https:\/\/smarttrans.pl\/en\/wp-json\/wp\/v2\/users\/1"}],"replies":[{"embeddable":true,"href":"https:\/\/smarttrans.pl\/en\/wp-json\/wp\/v2\/comments?post=77718"}],"version-history":[{"count":0,"href":"https:\/\/smarttrans.pl\/en\/wp-json\/wp\/v2\/pages\/77718\/revisions"}],"wp:attachment":[{"href":"https:\/\/smarttrans.pl\/en\/wp-json\/wp\/v2\/media?parent=77718"}],"curies":[{"name":"wp","href":"https:\/\/api.w.org\/{rel}","templated":true}]}}