{"id":77704,"date":"2022-03-16T10:12:02","date_gmt":"2022-03-16T09:12:02","guid":{"rendered":"https:\/\/smarttrans.pl\/?page_id=77704"},"modified":"2022-05-10T15:29:58","modified_gmt":"2022-05-10T13:29:58","slug":"morze","status":"publish","type":"page","link":"https:\/\/smarttrans.pl\/en\/morze\/","title":{"rendered":"SEA"},"content":{"rendered":"<div data-elementor-type=\"wp-page\" data-elementor-id=\"77704\" class=\"elementor elementor-77704\" data-elementor-settings=\"[]\">\n\t\t\t\t\t\t\t<div class=\"elementor-section-wrap\">\n\t\t\t\t\t\t\t<section class=\"elementor-section elementor-top-section elementor-element elementor-element-57880d8 elementor-section-full_width elementor-section-content-middle elementor-section-stretched elementor-section-height-default elementor-section-height-default\" data-id=\"57880d8\" data-element_type=\"section\" data-settings=\"{&quot;stretch_section&quot;:&quot;section-stretched&quot;,&quot;background_background&quot;:&quot;classic&quot;}\">\n\t\t\t\t\t\t<div class=\"elementor-container elementor-column-gap-default\">\n\t\t\t\t\t<div class=\"elementor-column elementor-col-100 elementor-top-column elementor-element elementor-element-8d93d45\" data-fullscreen-column-settings=\"{&quot;fullscreen&quot;:&quot;&quot;}\" data-id=\"8d93d45\" data-element_type=\"column\">\n\t\t\t<div class=\"elementor-widget-wrap elementor-element-populated\">\n\t\t\t\t\t\t\t\t<div class=\"elementor-element elementor-element-b50ec4d elementor-invisible elementor-widget elementor-widget-heading\" data-id=\"b50ec4d\" data-element_type=\"widget\" data-settings=\"{&quot;_animation&quot;:&quot;fadeInUp&quot;}\" data-widget_type=\"heading.default\">\n\t\t\t\t<div class=\"elementor-widget-container\">\n\t\t\t<style>\/*! elementor - v3.5.6 - 28-02-2022 *\/\n.elementor-heading-title{padding:0;margin:0;line-height:1}.elementor-widget-heading .elementor-heading-title[class*=elementor-size-]>a{color:inherit;font-size:inherit;line-height:inherit}.elementor-widget-heading .elementor-heading-title.elementor-size-small{font-size:15px}.elementor-widget-heading .elementor-heading-title.elementor-size-medium{font-size:19px}.elementor-widget-heading .elementor-heading-title.elementor-size-large{font-size:29px}.elementor-widget-heading .elementor-heading-title.elementor-size-xl{font-size:39px}.elementor-widget-heading .elementor-heading-title.elementor-size-xxl{font-size:59px}<\/style><h2 class=\"elementor-heading-title elementor-size-default\">Morze<\/h2>\t\t<\/div>\n\t\t\t\t<\/div>\n\t\t\t\t<div class=\"elementor-element elementor-element-82bfef7 st-separator elementor-invisible elementor-widget elementor-widget-litho-separator\" data-id=\"82bfef7\" data-element_type=\"widget\" data-settings=\"{&quot;_animation&quot;:&quot;fadeInUp&quot;}\" data-widget_type=\"litho-separator.default\">\n\t\t\t\t<div class=\"elementor-widget-container\">\n\t\t\t\t\t\t\t\t\t\t<div class=\"separator-wrap\"><div class=\"separator-line\"><\/div><\/div>\n\t\t\t\t\t\t\t\t<\/div>\n\t\t\t\t<\/div>\n\t\t\t\t\t<\/div>\n\t\t<\/div>\n\t\t\t\t\t\t\t<\/div>\n\t\t<\/section>\n\t\t\t\t<section class=\"elementor-section elementor-top-section elementor-element elementor-element-c1d6507 elementor-section-full_width .slanted-box elementor-section-height-default elementor-section-height-default\" data-id=\"c1d6507\" data-element_type=\"section\" data-settings=\"{&quot;background_background&quot;:&quot;classic&quot;}\">\n\t\t\t\t\t\t<div class=\"elementor-container elementor-column-gap-default\">\n\t\t\t\t\t<div class=\"elementor-column elementor-col-100 elementor-top-column elementor-element elementor-element-c7b268f\" data-fullscreen-column-settings=\"{&quot;fullscreen&quot;:&quot;&quot;}\" data-id=\"c7b268f\" data-element_type=\"column\">\n\t\t\t<div class=\"elementor-widget-wrap elementor-element-populated\">\n\t\t\t\t\t\t\t\t<div class=\"elementor-element elementor-element-79d732f elementor-invisible elementor-widget elementor-widget-heading\" data-id=\"79d732f\" data-element_type=\"widget\" data-settings=\"{&quot;_animation&quot;:&quot;fadeInUp&quot;,&quot;_animation_delay&quot;:500}\" data-widget_type=\"heading.default\">\n\t\t\t\t<div class=\"elementor-widget-container\">\n\t\t\t<h2 class=\"elementor-heading-title elementor-size-default\">Jako Spedycja Mi\u0119dzynarodowa SMART TRANS\u00ae oferujemy kompleksow\u0105 obs\u0142ug\u0119 wszystkich towar\u00f3w w eksporcie, imporcie oraz tranzycie przewo\u017conych drog\u0105 MORSK\u0104, l\u0105dow\u0105 i \u015br\u00f3dl\u0105dow\u0105. <\/h2>\t\t<\/div>\n\t\t\t\t<\/div>\n\t\t\t\t\t<\/div>\n\t\t<\/div>\n\t\t\t\t\t\t\t<\/div>\n\t\t<\/section>\n\t\t\t\t<section class=\"elementor-section elementor-top-section elementor-element elementor-element-db676b2 elementor-section-full_width elementor-section-content-middle elementor-section-stretched .slanted-box elementor-section-height-default elementor-section-height-default\" data-id=\"db676b2\" data-element_type=\"section\" data-settings=\"{&quot;stretch_section&quot;:&quot;section-stretched&quot;,&quot;background_background&quot;:&quot;gradient&quot;}\">\n\t\t\t\t\t\t<div class=\"elementor-container elementor-column-gap-default\">\n\t\t\t\t\t<div class=\"elementor-column elementor-col-50 elementor-top-column elementor-element elementor-element-dd82c26 .slanted-content-after\" data-fullscreen-column-settings=\"{&quot;fullscreen&quot;:&quot;&quot;}\" data-id=\"dd82c26\" data-element_type=\"column\" data-settings=\"{&quot;background_background&quot;:&quot;classic&quot;}\">\n\t\t\t<div class=\"elementor-widget-wrap elementor-element-populated\">\n\t\t\t\t\t\t\t\t<div class=\"elementor-element elementor-element-7c1c10f elementor-invisible elementor-widget elementor-widget-text-editor\" data-id=\"7c1c10f\" data-element_type=\"widget\" data-settings=\"{&quot;_animation&quot;:&quot;fadeInUp&quot;}\" data-widget_type=\"text-editor.default\">\n\t\t\t\t<div class=\"elementor-widget-container\">\n\t\t\t<style>\/*! elementor - v3.5.6 - 28-02-2022 *\/\n.elementor-widget-text-editor.elementor-drop-cap-view-stacked .elementor-drop-cap{background-color:#818a91;color:#fff}.elementor-widget-text-editor.elementor-drop-cap-view-framed .elementor-drop-cap{color:#818a91;border:3px solid;background-color:transparent}.elementor-widget-text-editor:not(.elementor-drop-cap-view-default) .elementor-drop-cap{margin-top:8px}.elementor-widget-text-editor:not(.elementor-drop-cap-view-default) .elementor-drop-cap-letter{width:1em;height:1em}.elementor-widget-text-editor .elementor-drop-cap{float:left;text-align:center;line-height:1;font-size:50px}.elementor-widget-text-editor .elementor-drop-cap-letter{display:inline-block}<\/style>\t\t\t\t<p>W ramach spedycji morskiej oferujemy:<br \/>\u2022 Organizacj\u0119 transportu \u0142adunk\u00f3w drog\u0105 morsk\u0105 w systemie &#8222;door-door&#8221;, &#8222;port-port&#8221; w ka\u017cdym kierunku geograficznym w \u017cegludze liniowej i czarterowej<br \/>\u2022 Obs\u0142ug\u0119 pe\u0142nych kontener\u00f3w (FCL) ka\u017cdego typu<br \/>\u2022 Obs\u0142ug\u0119 kontener\u00f3w zbiorczych (LCL) &#8211; konsolidacja<br \/>\u2022 Obs\u0142ug\u0119 sztuk ci\u0119\u017ckich i ponadgabarytowych<br \/>\u2022 Obs\u0142ug\u0119 drobnicy konwencjonalnej<br \/>\u2022 Dodatkowe ubezpieczenie \u0142adunk\u00f3w<br \/>\u2022 Bukowanie fracht\u00f3w i czarterowanie statk\u00f3w<br \/>\u2022 Przygotowanie ofert cenowych, kalkulacji do kontrakt\u00f3w<br \/>\u2022 Organizacj\u0119 obs\u0142ugi w Portach Morskich mi\u0119dzynarodowej sieci transportowej w tym :<br \/>\u2022 Prze\u0142adunki towar\u00f3w w wymaganych relacjach<br \/>\u2022 Manipulacje towarowe r\u00f3\u017cne<br \/>\u2022 Sk\u0142adowanie i magazynowanie<br \/>\u2022 Badania, ogl\u0119dziny, kontrole<\/p>\t\t\t\t\t\t<\/div>\n\t\t\t\t<\/div>\n\t\t\t\t\t<\/div>\n\t\t<\/div>\n\t\t\t\t<div class=\"elementor-column elementor-col-50 elementor-top-column elementor-element elementor-element-11ce7b6\" data-fullscreen-column-settings=\"{&quot;fullscreen&quot;:&quot;&quot;}\" data-id=\"11ce7b6\" data-element_type=\"column\" data-settings=\"{&quot;background_background&quot;:&quot;classic&quot;}\">\n\t\t\t<div class=\"elementor-widget-wrap elementor-element-populated\">\n\t\t\t\t\t\t\t\t<div class=\"elementor-element elementor-element-8f7e8fc st-link3 elementor-invisible elementor-widget elementor-widget-litho-heading\" data-id=\"8f7e8fc\" data-element_type=\"widget\" data-settings=\"{&quot;_animation&quot;:&quot;fadeInUp&quot;}\" data-widget_type=\"litho-heading.default\">\n\t\t\t\t<div class=\"elementor-widget-container\">\n\t\t\t<h2 class=\"litho-heading elementor-size-default\"><span class=\"litho-primary-title\"><span class=\"st-nowrap\">Sprawnie<\/span><\/br><\/br><span class=\"st-nowrap\">Bezpiecznie<\/span><\/br><\/br><span class=\"st-nowrap\">Kompleksowo<\/span><\/span><\/h2>\t\t<\/div>\n\t\t\t\t<\/div>\n\t\t\t\t\t<\/div>\n\t\t<\/div>\n\t\t\t\t\t\t\t<\/div>\n\t\t<\/section>\n\t\t\t\t<section class=\"elementor-section elementor-top-section elementor-element elementor-element-4a968fc elementor-section-full_width elementor-section-height-default elementor-section-height-default\" data-id=\"4a968fc\" data-element_type=\"section\">\n\t\t\t\t\t\t<div class=\"elementor-container elementor-column-gap-default\">\n\t\t\t\t\t<div class=\"elementor-column elementor-col-100 elementor-top-column elementor-element elementor-element-1f1ddb9\" data-fullscreen-column-settings=\"{&quot;fullscreen&quot;:&quot;&quot;}\" data-id=\"1f1ddb9\" data-element_type=\"column\">\n\t\t\t<div class=\"elementor-widget-wrap elementor-element-populated\">\n\t\t\t\t\t\t\t\t<div class=\"elementor-element elementor-element-b5bec13 st-link5 elementor-invisible elementor-widget elementor-widget-litho-heading\" data-id=\"b5bec13\" data-element_type=\"widget\" data-settings=\"{&quot;_animation&quot;:&quot;fadeInUp&quot;}\" data-widget_type=\"litho-heading.default\">\n\t\t\t\t<div class=\"elementor-widget-container\">\n\t\t\t<h2 class=\"litho-heading elementor-size-default\"><span class=\"litho-primary-title\">Let\u2019s talk<\/span><span class=\"litho-secondary-title\"><a href=\"tel:+48586992250\">+48 58 699 22 50<\/a><\/span><\/h2>\t\t<\/div>\n\t\t\t\t<\/div>\n\t\t\t\t\t<\/div>\n\t\t<\/div>\n\t\t\t\t\t\t\t<\/div>\n\t\t<\/section>\n\t\t\t\t\t\t<\/div>\n\t\t\t\t\t<\/div>","protected":false},"excerpt":{"rendered":"<p>Morze Jako Spedycja Mi\u0119dzynarodowa SMART TRANS\u00ae oferujemy kompleksow\u0105 obs\u0142ug\u0119 wszystkich towar\u00f3w w eksporcie, imporcie oraz tranzycie przewo\u017conych drog\u0105 MORSK\u0104, l\u0105dow\u0105 i \u015br\u00f3dl\u0105dow\u0105. W ramach spedycji morskiej oferujemy:\u2022 Organizacj\u0119 transportu \u0142adunk\u00f3w drog\u0105 morsk\u0105 w systemie &#8222;door-door&#8221;, &#8222;port-port&#8221; w ka\u017cdym kierunku geograficznym w \u017cegludze liniowej i czarterowej\u2022 Obs\u0142ug\u0119 pe\u0142nych kontener\u00f3w (FCL) ka\u017cdego typu\u2022 Obs\u0142ug\u0119 kontener\u00f3w zbiorczych (LCL) [&hellip;]<\/p>","protected":false},"author":1,"featured_media":0,"parent":0,"menu_order":0,"comment_status":"closed","ping_status":"closed","template":"","meta":{"inline_featured_image":false},"_links":{"self":[{"href":"https:\/\/smarttrans.pl\/en\/wp-json\/wp\/v2\/pages\/77704"}],"collection":[{"href":"https:\/\/smarttrans.pl\/en\/wp-json\/wp\/v2\/pages"}],"about":[{"href":"https:\/\/smarttrans.pl\/en\/wp-json\/wp\/v2\/types\/page"}],"author":[{"embeddable":true,"href":"https:\/\/smarttrans.pl\/en\/wp-json\/wp\/v2\/users\/1"}],"replies":[{"embeddable":true,"href":"https:\/\/smarttrans.pl\/en\/wp-json\/wp\/v2\/comments?post=77704"}],"version-history":[{"count":0,"href":"https:\/\/smarttrans.pl\/en\/wp-json\/wp\/v2\/pages\/77704\/revisions"}],"wp:attachment":[{"href":"https:\/\/smarttrans.pl\/en\/wp-json\/wp\/v2\/media?parent=77704"}],"curies":[{"name":"wp","href":"https:\/\/api.w.org\/{rel}","templated":true}]}}