{"id":77453,"date":"2022-03-10T11:10:02","date_gmt":"2022-03-10T10:10:02","guid":{"rendered":"https:\/\/smarttrans.pl\/?page_id=77453"},"modified":"2022-05-11T10:26:28","modified_gmt":"2022-05-11T08:26:28","slug":"certyfikaty","status":"publish","type":"page","link":"https:\/\/smarttrans.pl\/en\/certyfikaty\/","title":{"rendered":"CERTIFICATES"},"content":{"rendered":"<div data-elementor-type=\"wp-page\" data-elementor-id=\"77453\" class=\"elementor elementor-77453\" data-elementor-settings=\"[]\">\n\t\t\t\t\t\t\t<div class=\"elementor-section-wrap\">\n\t\t\t\t\t\t\t<section class=\"elementor-section elementor-top-section elementor-element elementor-element-e7f6d44 elementor-section-full_width elementor-section-content-middle elementor-section-stretched elementor-section-height-default elementor-section-height-default\" data-id=\"e7f6d44\" data-element_type=\"section\" data-settings=\"{&quot;stretch_section&quot;:&quot;section-stretched&quot;,&quot;background_background&quot;:&quot;classic&quot;}\">\n\t\t\t\t\t\t<div class=\"elementor-container elementor-column-gap-default\">\n\t\t\t\t\t<div class=\"elementor-column elementor-col-100 elementor-top-column elementor-element elementor-element-3cb9dea\" data-fullscreen-column-settings=\"{&quot;fullscreen&quot;:&quot;&quot;}\" data-id=\"3cb9dea\" data-element_type=\"column\">\n\t\t\t<div class=\"elementor-widget-wrap elementor-element-populated\">\n\t\t\t\t\t\t\t\t<div class=\"elementor-element elementor-element-01652bb elementor-invisible elementor-widget elementor-widget-heading\" data-id=\"01652bb\" data-element_type=\"widget\" data-settings=\"{&quot;_animation&quot;:&quot;fadeInUp&quot;}\" data-widget_type=\"heading.default\">\n\t\t\t\t<div class=\"elementor-widget-container\">\n\t\t\t<style>\/*! elementor - v3.5.6 - 28-02-2022 *\/\n.elementor-heading-title{padding:0;margin:0;line-height:1}.elementor-widget-heading .elementor-heading-title[class*=elementor-size-]>a{color:inherit;font-size:inherit;line-height:inherit}.elementor-widget-heading .elementor-heading-title.elementor-size-small{font-size:15px}.elementor-widget-heading .elementor-heading-title.elementor-size-medium{font-size:19px}.elementor-widget-heading .elementor-heading-title.elementor-size-large{font-size:29px}.elementor-widget-heading .elementor-heading-title.elementor-size-xl{font-size:39px}.elementor-widget-heading .elementor-heading-title.elementor-size-xxl{font-size:59px}<\/style><h2 class=\"elementor-heading-title elementor-size-default\">Certificates<\/h2>\t\t<\/div>\n\t\t\t\t<\/div>\n\t\t\t\t<div class=\"elementor-element elementor-element-1fc2784 st-separator elementor-invisible elementor-widget elementor-widget-litho-separator\" data-id=\"1fc2784\" data-element_type=\"widget\" data-settings=\"{&quot;_animation&quot;:&quot;fadeInUp&quot;}\" data-widget_type=\"litho-separator.default\">\n\t\t\t\t<div class=\"elementor-widget-container\">\n\t\t\t\t\t\t\t\t\t\t<div class=\"separator-wrap\"><div class=\"separator-line\"><\/div><\/div>\n\t\t\t\t\t\t\t\t<\/div>\n\t\t\t\t<\/div>\n\t\t\t\t\t<\/div>\n\t\t<\/div>\n\t\t\t\t\t\t\t<\/div>\n\t\t<\/section>\n\t\t\t\t<section class=\"elementor-section elementor-top-section elementor-element elementor-element-33b6c64 elementor-section-full_width elementor-section-items-stretch elementor-section-content-middle elementor-section-stretched elementor-section-height-min-height elementor-section-height-default\" data-id=\"33b6c64\" data-element_type=\"section\" data-settings=\"{&quot;stretch_section&quot;:&quot;section-stretched&quot;,&quot;background_background&quot;:&quot;classic&quot;}\">\n\t\t\t\t\t\t<div class=\"elementor-container elementor-column-gap-default\">\n\t\t\t\t\t<div class=\"elementor-column elementor-col-100 elementor-top-column elementor-element elementor-element-f1acebd .slanted-content-before\" data-fullscreen-column-settings=\"{&quot;fullscreen&quot;:&quot;&quot;}\" data-id=\"f1acebd\" data-element_type=\"column\" data-settings=\"{&quot;background_background&quot;:&quot;classic&quot;}\">\n\t\t\t<div class=\"elementor-widget-wrap elementor-element-populated\">\n\t\t\t\t\t\t\t\t<div class=\"elementor-element elementor-element-ca931ea elementor-invisible elementor-widget elementor-widget-heading\" data-id=\"ca931ea\" data-element_type=\"widget\" data-settings=\"{&quot;_animation&quot;:&quot;fadeInUp&quot;,&quot;_animation_delay&quot;:500}\" data-widget_type=\"heading.default\">\n\t\t\t\t<div class=\"elementor-widget-container\">\n\t\t\t<h2 class=\"elementor-heading-title elementor-size-default\">We want to back up our words. That's why we regularly apply for certificates and awards that prove the quality of our services.<\/h2>\t\t<\/div>\n\t\t\t\t<\/div>\n\t\t\t\t\t<\/div>\n\t\t<\/div>\n\t\t\t\t\t\t\t<\/div>\n\t\t<\/section>\n\t\t\t\t<section class=\"elementor-section elementor-top-section elementor-element elementor-element-6d19217 elementor-section-boxed elementor-section-height-default elementor-section-height-default\" data-id=\"6d19217\" data-element_type=\"section\">\n\t\t\t\t\t\t<div class=\"elementor-container elementor-column-gap-default\">\n\t\t\t\t\t<div class=\"elementor-column elementor-col-100 elementor-top-column elementor-element elementor-element-537f6ec\" data-fullscreen-column-settings=\"{&quot;fullscreen&quot;:&quot;&quot;}\" data-id=\"537f6ec\" data-element_type=\"column\">\n\t\t\t<div class=\"elementor-widget-wrap elementor-element-populated\">\n\t\t\t\t\t\t\t\t<div class=\"elementor-element elementor-element-0bbfe00 elementor-widget elementor-widget-image\" data-id=\"0bbfe00\" data-element_type=\"widget\" data-widget_type=\"image.default\">\n\t\t\t\t<div class=\"elementor-widget-container\">\n\t\t\t<style>\/*! elementor - v3.5.6 - 28-02-2022 *\/\n.elementor-widget-image{text-align:center}.elementor-widget-image a{display:inline-block}.elementor-widget-image a img[src$=\".svg\"]{width:48px}.elementor-widget-image img{vertical-align:middle;display:inline-block}<\/style>\t\t\t\t\t\t\t\t\t\t\t\t<img width=\"1024\" height=\"722\" src=\"https:\/\/smarttrans.pl\/wp-content\/uploads\/2022\/05\/kapitalnafirma2019smarttrans-1024x722.jpg\" class=\"attachment-large size-large\" alt=\"\" loading=\"lazy\" srcset=\"https:\/\/smarttrans.pl\/wp-content\/uploads\/2022\/05\/kapitalnafirma2019smarttrans-1024x722.jpg 1024w, https:\/\/smarttrans.pl\/wp-content\/uploads\/2022\/05\/kapitalnafirma2019smarttrans-300x211.jpg 300w, https:\/\/smarttrans.pl\/wp-content\/uploads\/2022\/05\/kapitalnafirma2019smarttrans-768x541.jpg 768w, https:\/\/smarttrans.pl\/wp-content\/uploads\/2022\/05\/kapitalnafirma2019smarttrans-200x141.jpg 200w, https:\/\/smarttrans.pl\/wp-content\/uploads\/2022\/05\/kapitalnafirma2019smarttrans.jpg 1219w\" sizes=\"(max-width: 1024px) 100vw, 1024px\" \/>\t\t\t\t\t\t\t\t\t\t\t\t\t\t\t<\/div>\n\t\t\t\t<\/div>\n\t\t\t\t<div class=\"elementor-element elementor-element-ebbfd23 elementor-widget elementor-widget-image\" data-id=\"ebbfd23\" data-element_type=\"widget\" data-widget_type=\"image.default\">\n\t\t\t\t<div class=\"elementor-widget-container\">\n\t\t\t\t\t\t\t\t\t\t\t\t\t\t\t<img width=\"711\" height=\"992\" src=\"https:\/\/smarttrans.pl\/wp-content\/uploads\/2022\/05\/sealofexcellence-smarttrans-logistyka.jpg\" class=\"attachment-large size-large\" alt=\"\" loading=\"lazy\" srcset=\"https:\/\/smarttrans.pl\/wp-content\/uploads\/2022\/05\/sealofexcellence-smarttrans-logistyka.jpg 711w, https:\/\/smarttrans.pl\/wp-content\/uploads\/2022\/05\/sealofexcellence-smarttrans-logistyka-215x300.jpg 215w, https:\/\/smarttrans.pl\/wp-content\/uploads\/2022\/05\/sealofexcellence-smarttrans-logistyka-200x279.jpg 200w\" sizes=\"(max-width: 711px) 100vw, 711px\" \/>\t\t\t\t\t\t\t\t\t\t\t\t\t\t\t<\/div>\n\t\t\t\t<\/div>\n\t\t\t\t<div class=\"elementor-element elementor-element-c877c30 elementor-widget elementor-widget-image\" data-id=\"c877c30\" data-element_type=\"widget\" data-widget_type=\"image.default\">\n\t\t\t\t<div class=\"elementor-widget-container\">\n\t\t\t\t\t\t\t\t\t\t\t\t\t\t\t<img width=\"567\" height=\"902\" src=\"https:\/\/smarttrans.pl\/wp-content\/uploads\/2022\/05\/rzetelna-firma-2022.jpg\" class=\"attachment-large size-large\" alt=\"\" loading=\"lazy\" srcset=\"https:\/\/smarttrans.pl\/wp-content\/uploads\/2022\/05\/rzetelna-firma-2022.jpg 567w, https:\/\/smarttrans.pl\/wp-content\/uploads\/2022\/05\/rzetelna-firma-2022-189x300.jpg 189w, https:\/\/smarttrans.pl\/wp-content\/uploads\/2022\/05\/rzetelna-firma-2022-200x318.jpg 200w\" sizes=\"(max-width: 567px) 100vw, 567px\" \/>\t\t\t\t\t\t\t\t\t\t\t\t\t\t\t<\/div>\n\t\t\t\t<\/div>\n\t\t\t\t<div class=\"elementor-element elementor-element-cc28311 elementor-widget elementor-widget-image\" data-id=\"cc28311\" data-element_type=\"widget\" data-widget_type=\"image.default\">\n\t\t\t\t<div class=\"elementor-widget-container\">\n\t\t\t\t\t\t\t\t\t\t\t\t\t\t\t<img width=\"1024\" height=\"172\" src=\"https:\/\/smarttrans.pl\/wp-content\/uploads\/2022\/05\/1562743929300-1024x172.jpg\" class=\"attachment-large size-large\" alt=\"\" loading=\"lazy\" srcset=\"https:\/\/smarttrans.pl\/wp-content\/uploads\/2022\/05\/1562743929300-1024x172.jpg 1024w, https:\/\/smarttrans.pl\/wp-content\/uploads\/2022\/05\/1562743929300-300x50.jpg 300w, https:\/\/smarttrans.pl\/wp-content\/uploads\/2022\/05\/1562743929300-768x129.jpg 768w, https:\/\/smarttrans.pl\/wp-content\/uploads\/2022\/05\/1562743929300-200x34.jpg 200w, https:\/\/smarttrans.pl\/wp-content\/uploads\/2022\/05\/1562743929300.jpg 1130w\" sizes=\"(max-width: 1024px) 100vw, 1024px\" \/>\t\t\t\t\t\t\t\t\t\t\t\t\t\t\t<\/div>\n\t\t\t\t<\/div>\n\t\t\t\t<div class=\"elementor-element elementor-element-a491730 elementor-widget elementor-widget-image\" data-id=\"a491730\" data-element_type=\"widget\" data-widget_type=\"image.default\">\n\t\t\t\t<div class=\"elementor-widget-container\">\n\t\t\t\t\t\t\t\t\t\t\t\t\t\t\t<img width=\"1024\" height=\"731\" src=\"https:\/\/smarttrans.pl\/wp-content\/uploads\/2022\/05\/unia-dofinansowanie-smart-trans-1024x731.jpg\" class=\"attachment-large size-large\" alt=\"\" loading=\"lazy\" srcset=\"https:\/\/smarttrans.pl\/wp-content\/uploads\/2022\/05\/unia-dofinansowanie-smart-trans-1024x731.jpg 1024w, https:\/\/smarttrans.pl\/wp-content\/uploads\/2022\/05\/unia-dofinansowanie-smart-trans-300x214.jpg 300w, https:\/\/smarttrans.pl\/wp-content\/uploads\/2022\/05\/unia-dofinansowanie-smart-trans-768x548.jpg 768w, https:\/\/smarttrans.pl\/wp-content\/uploads\/2022\/05\/unia-dofinansowanie-smart-trans-200x143.jpg 200w, https:\/\/smarttrans.pl\/wp-content\/uploads\/2022\/05\/unia-dofinansowanie-smart-trans.jpg 1197w\" sizes=\"(max-width: 1024px) 100vw, 1024px\" \/>\t\t\t\t\t\t\t\t\t\t\t\t\t\t\t<\/div>\n\t\t\t\t<\/div>\n\t\t\t\t\t<\/div>\n\t\t<\/div>\n\t\t\t\t\t\t\t<\/div>\n\t\t<\/section>\n\t\t\t\t<section class=\"elementor-section elementor-top-section elementor-element elementor-element-e1cba2c elementor-section-full_width elementor-section-height-default elementor-section-height-default\" data-id=\"e1cba2c\" data-element_type=\"section\">\n\t\t\t\t\t\t<div class=\"elementor-container elementor-column-gap-default\">\n\t\t\t\t\t<div class=\"elementor-column elementor-col-100 elementor-top-column elementor-element elementor-element-231bafa\" data-fullscreen-column-settings=\"{&quot;fullscreen&quot;:&quot;&quot;}\" data-id=\"231bafa\" data-element_type=\"column\">\n\t\t\t<div class=\"elementor-widget-wrap elementor-element-populated\">\n\t\t\t\t\t\t\t\t<div class=\"elementor-element elementor-element-241c55b st-link5 elementor-invisible elementor-widget elementor-widget-litho-heading\" data-id=\"241c55b\" data-element_type=\"widget\" data-settings=\"{&quot;_animation&quot;:&quot;fadeInUp&quot;}\" data-widget_type=\"litho-heading.default\">\n\t\t\t\t<div class=\"elementor-widget-container\">\n\t\t\t<h2 class=\"litho-heading elementor-size-default\"><span class=\"litho-primary-title\">Let\u2019s talk<\/span><span class=\"litho-secondary-title\"><a href=\"tel:+48586992250\">+48 58 699 22 50<\/a><\/span><\/h2>\t\t<\/div>\n\t\t\t\t<\/div>\n\t\t\t\t\t<\/div>\n\t\t<\/div>\n\t\t\t\t\t\t\t<\/div>\n\t\t<\/section>\n\t\t\t\t\t\t<\/div>\n\t\t\t\t\t<\/div>","protected":false},"excerpt":{"rendered":"<p>Certyfikaty Nie chcemy by\u0107 go\u0142os\u0142owni. Dlatego regularnie staramy si\u0119 o certyfikaty i wyr\u00f3\u017cnienia \u015bwiadcz\u0105ce o jako\u015bci naszych us\u0142ug. Porozmawiajmy+48 58 699 22 50<\/p>","protected":false},"author":1,"featured_media":0,"parent":0,"menu_order":0,"comment_status":"closed","ping_status":"closed","template":"","meta":{"inline_featured_image":false},"_links":{"self":[{"href":"https:\/\/smarttrans.pl\/en\/wp-json\/wp\/v2\/pages\/77453"}],"collection":[{"href":"https:\/\/smarttrans.pl\/en\/wp-json\/wp\/v2\/pages"}],"about":[{"href":"https:\/\/smarttrans.pl\/en\/wp-json\/wp\/v2\/types\/page"}],"author":[{"embeddable":true,"href":"https:\/\/smarttrans.pl\/en\/wp-json\/wp\/v2\/users\/1"}],"replies":[{"embeddable":true,"href":"https:\/\/smarttrans.pl\/en\/wp-json\/wp\/v2\/comments?post=77453"}],"version-history":[{"count":0,"href":"https:\/\/smarttrans.pl\/en\/wp-json\/wp\/v2\/pages\/77453\/revisions"}],"wp:attachment":[{"href":"https:\/\/smarttrans.pl\/en\/wp-json\/wp\/v2\/media?parent=77453"}],"curies":[{"name":"wp","href":"https:\/\/api.w.org\/{rel}","templated":true}]}}