{"id":76975,"date":"2022-03-07T17:21:03","date_gmt":"2022-03-07T16:21:03","guid":{"rendered":"https:\/\/smarttrans.pl\/?page_id=76975"},"modified":"2022-05-10T15:34:08","modified_gmt":"2022-05-10T13:34:08","slug":"zaufanie","status":"publish","type":"page","link":"https:\/\/smarttrans.pl\/en\/zaufanie\/","title":{"rendered":"TRUST"},"content":{"rendered":"<div data-elementor-type=\"wp-page\" data-elementor-id=\"76975\" class=\"elementor elementor-76975\" data-elementor-settings=\"[]\">\n\t\t\t\t\t\t\t<div class=\"elementor-section-wrap\">\n\t\t\t\t\t\t\t<section class=\"elementor-section elementor-top-section elementor-element elementor-element-9e7773a elementor-section-full_width elementor-section-content-middle elementor-section-stretched elementor-section-height-default elementor-section-height-default\" data-id=\"9e7773a\" data-element_type=\"section\" data-settings=\"{&quot;stretch_section&quot;:&quot;section-stretched&quot;,&quot;background_background&quot;:&quot;classic&quot;}\">\n\t\t\t\t\t\t<div class=\"elementor-container elementor-column-gap-default\">\n\t\t\t\t\t<div class=\"elementor-column elementor-col-100 elementor-top-column elementor-element elementor-element-0c65a73\" data-fullscreen-column-settings=\"{&quot;fullscreen&quot;:&quot;&quot;}\" data-id=\"0c65a73\" data-element_type=\"column\">\n\t\t\t<div class=\"elementor-widget-wrap elementor-element-populated\">\n\t\t\t\t\t\t\t\t<div class=\"elementor-element elementor-element-7b87f1d elementor-invisible elementor-widget elementor-widget-heading\" data-id=\"7b87f1d\" data-element_type=\"widget\" data-settings=\"{&quot;_animation&quot;:&quot;fadeInUp&quot;}\" data-widget_type=\"heading.default\">\n\t\t\t\t<div class=\"elementor-widget-container\">\n\t\t\t<style>\/*! elementor - v3.5.6 - 28-02-2022 *\/\n.elementor-heading-title{padding:0;margin:0;line-height:1}.elementor-widget-heading .elementor-heading-title[class*=elementor-size-]>a{color:inherit;font-size:inherit;line-height:inherit}.elementor-widget-heading .elementor-heading-title.elementor-size-small{font-size:15px}.elementor-widget-heading .elementor-heading-title.elementor-size-medium{font-size:19px}.elementor-widget-heading .elementor-heading-title.elementor-size-large{font-size:29px}.elementor-widget-heading .elementor-heading-title.elementor-size-xl{font-size:39px}.elementor-widget-heading .elementor-heading-title.elementor-size-xxl{font-size:59px}<\/style><h2 class=\"elementor-heading-title elementor-size-default\">Trust<\/h2>\t\t<\/div>\n\t\t\t\t<\/div>\n\t\t\t\t<div class=\"elementor-element elementor-element-f2ed3f0 st-separator elementor-invisible elementor-widget elementor-widget-litho-separator\" data-id=\"f2ed3f0\" data-element_type=\"widget\" data-settings=\"{&quot;_animation&quot;:&quot;fadeInUp&quot;}\" data-widget_type=\"litho-separator.default\">\n\t\t\t\t<div class=\"elementor-widget-container\">\n\t\t\t\t\t\t\t\t\t\t<div class=\"separator-wrap\"><div class=\"separator-line\"><\/div><\/div>\n\t\t\t\t\t\t\t\t<\/div>\n\t\t\t\t<\/div>\n\t\t\t\t\t<\/div>\n\t\t<\/div>\n\t\t\t\t\t\t\t<\/div>\n\t\t<\/section>\n\t\t\t\t<section class=\"elementor-section elementor-top-section elementor-element elementor-element-f3ead86 elementor-section-full_width elementor-section-content-middle elementor-section-height-default elementor-section-height-default\" data-id=\"f3ead86\" data-element_type=\"section\" data-settings=\"{&quot;background_background&quot;:&quot;classic&quot;}\">\n\t\t\t\t\t\t<div class=\"elementor-container elementor-column-gap-default\">\n\t\t\t\t\t<div class=\"elementor-column elementor-col-100 elementor-top-column elementor-element elementor-element-229412b\" data-fullscreen-column-settings=\"{&quot;fullscreen&quot;:&quot;&quot;}\" data-id=\"229412b\" data-element_type=\"column\">\n\t\t\t<div class=\"elementor-widget-wrap elementor-element-populated\">\n\t\t\t\t\t\t\t\t<div class=\"elementor-element elementor-element-87f70ec elementor-widget elementor-widget-litho-brand-logo-carousel\" data-id=\"87f70ec\" data-element_type=\"widget\" data-widget_type=\"litho-brand-logo-carousel.default\">\n\t\t\t\t<div class=\"elementor-widget-container\">\n\t\t\t<div class=\"brand-logo-carousel-wrapper swiper-container\" data-settings=\"{&quot;navigation&quot;:&quot;none&quot;,&quot;autoplay&quot;:&quot;yes&quot;,&quot;autoplay_speed&quot;:3000,&quot;pause_on_hover&quot;:&quot;&quot;,&quot;loop&quot;:&quot;yes&quot;,&quot;effect&quot;:&quot;slide&quot;,&quot;speed&quot;:500,&quot;image_spacing&quot;:{&quot;unit&quot;:&quot;px&quot;,&quot;size&quot;:30,&quot;sizes&quot;:[]},&quot;slide_total&quot;:10,&quot;slides_to_show&quot;:&quot;5&quot;,&quot;slides_to_show_mobile&quot;:null,&quot;slides_to_show_tablet&quot;:null}\">\n\t\t\t\t<div class=\"brand-logo-carousel swiper-wrapper\">\n\t\t\t\t\t\t\t\t\t\t<div class=\"elementor-repeater-item-2442aff swiper-slide\">\n\t\t\t\t\t\t<img src=\"https:\/\/smarttrans.pl\/wp-content\/uploads\/2022\/03\/logo-amber.jpg\" alt=\"logo-amber\"  class=\"swiper-slide-image\" \/>\t\t\t\t\t<\/div>\n\t\t\t\t\t\t\t\t\t\t<div class=\"elementor-repeater-item-2c9b8d6 swiper-slide\">\n\t\t\t\t\t\t<img src=\"https:\/\/smarttrans.pl\/wp-content\/uploads\/2022\/03\/logo-energomontaz.jpg\" alt=\"logo-energomontaz\"  class=\"swiper-slide-image\" \/>\t\t\t\t\t<\/div>\n\t\t\t\t\t\t\t\t\t\t<div class=\"elementor-repeater-item-160e3f6 swiper-slide\">\n\t\t\t\t\t\t<img src=\"https:\/\/smarttrans.pl\/wp-content\/uploads\/2022\/03\/logo-hydramet.jpg\" alt=\"logo-hydramet\"  class=\"swiper-slide-image\" \/>\t\t\t\t\t<\/div>\n\t\t\t\t\t\t\t\t\t\t<div class=\"elementor-repeater-item-6fe8680 swiper-slide\">\n\t\t\t\t\t\t<img src=\"https:\/\/smarttrans.pl\/wp-content\/uploads\/2022\/03\/logo-galeon.jpg\" alt=\"logo-galeon\"  class=\"swiper-slide-image\" \/>\t\t\t\t\t<\/div>\n\t\t\t\t\t\t\t\t\t\t<div class=\"elementor-repeater-item-d91c074 swiper-slide\">\n\t\t\t\t\t\t<img src=\"https:\/\/smarttrans.pl\/wp-content\/uploads\/2022\/03\/logo-indeco.jpg\" alt=\"logo-indeco\"  class=\"swiper-slide-image\" \/>\t\t\t\t\t<\/div>\n\t\t\t\t\t\t\t\t\t\t<div class=\"elementor-repeater-item-ed7079b swiper-slide\">\n\t\t\t\t\t\t<img src=\"https:\/\/smarttrans.pl\/wp-content\/uploads\/2022\/03\/logo-kozlak.jpg\" alt=\"logo-kozlak\"  class=\"swiper-slide-image\" \/>\t\t\t\t\t<\/div>\n\t\t\t\t\t\t\t\t\t\t<div class=\"elementor-repeater-item-bc8c3c3 swiper-slide\">\n\t\t\t\t\t\t<img src=\"https:\/\/smarttrans.pl\/wp-content\/uploads\/2022\/03\/koelner.jpg\" alt=\"koelner\"  class=\"swiper-slide-image\" \/>\t\t\t\t\t<\/div>\n\t\t\t\t\t\t\t\t\t\t<div class=\"elementor-repeater-item-7345935 swiper-slide\">\n\t\t\t\t\t\t<img src=\"https:\/\/smarttrans.pl\/wp-content\/uploads\/2022\/03\/logo-polamrem.jpg\" alt=\"logo-polamrem\"  class=\"swiper-slide-image\" \/>\t\t\t\t\t<\/div>\n\t\t\t\t\t\t\t\t\t\t<div class=\"elementor-repeater-item-56cc785 swiper-slide\">\n\t\t\t\t\t\t<img src=\"https:\/\/smarttrans.pl\/wp-content\/uploads\/2022\/03\/logo-ohmann.jpg\" alt=\"logo-ohmann\"  class=\"swiper-slide-image\" \/>\t\t\t\t\t<\/div>\n\t\t\t\t\t\t\t\t\t\t<div class=\"elementor-repeater-item-6f71afa swiper-slide\">\n\t\t\t\t\t\t<img src=\"https:\/\/smarttrans.pl\/wp-content\/uploads\/2022\/03\/logo-zywe.jpg\" alt=\"logo-zywe\"  class=\"swiper-slide-image\" \/>\t\t\t\t\t<\/div>\n\t\t\t\t\t\t\t\t\t<\/div>\n\t\t\t\t\t\t\t\t\t\t\t\t\t\t\t\t\t\t\t\t\t<\/div>\t\t<\/div>\n\t\t\t\t<\/div>\n\t\t\t\t\t<\/div>\n\t\t<\/div>\n\t\t\t\t\t\t\t<\/div>\n\t\t<\/section>\n\t\t\t\t<section class=\"elementor-section elementor-top-section elementor-element elementor-element-24b33b2 elementor-section-full_width elementor-section-content-middle elementor-section-stretched elementor-section-height-min-height elementor-section-items-stretch elementor-section-height-default\" data-id=\"24b33b2\" data-element_type=\"section\" data-settings=\"{&quot;stretch_section&quot;:&quot;section-stretched&quot;}\">\n\t\t\t\t\t\t<div class=\"elementor-container elementor-column-gap-default\">\n\t\t\t\t\t<div class=\"elementor-column elementor-col-50 elementor-top-column elementor-element elementor-element-779730c\" data-fullscreen-column-settings=\"{&quot;fullscreen&quot;:&quot;&quot;}\" data-id=\"779730c\" data-element_type=\"column\" data-settings=\"{&quot;background_background&quot;:&quot;classic&quot;}\">\n\t\t\t<div class=\"elementor-widget-wrap elementor-element-populated\">\n\t\t\t\t\t<div class=\"elementor-background-overlay\"><\/div>\n\t\t\t\t\t\t\t\t<div class=\"elementor-element elementor-element-42fe3f7 st-link6 elementor-invisible elementor-widget elementor-widget-litho-heading\" data-id=\"42fe3f7\" data-element_type=\"widget\" data-settings=\"{&quot;_animation&quot;:&quot;fadeInUp&quot;}\" data-widget_type=\"litho-heading.default\">\n\t\t\t\t<div class=\"elementor-widget-container\">\n\t\t\t<h2 class=\"litho-heading elementor-size-default\"><span class=\"litho-primary-title\">OVER<\/span><\/h2>\t\t<\/div>\n\t\t\t\t<\/div>\n\t\t\t\t<div class=\"elementor-element elementor-element-24a71ec elementor-widget__width-inherit elementor-widget-mobile__width-inherit st-licznik elementor-widget elementor-widget-counter\" data-id=\"24a71ec\" data-element_type=\"widget\" data-widget_type=\"counter.default\">\n\t\t\t\t<div class=\"elementor-widget-container\">\n\t\t\t<style>\/*! elementor - v3.5.6 - 28-02-2022 *\/\n.elementor-counter .elementor-counter-number-wrapper{display:-webkit-box;display:-ms-flexbox;display:flex;font-size:69px;font-weight:600;line-height:1}.elementor-counter .elementor-counter-number-prefix,.elementor-counter .elementor-counter-number-suffix{-webkit-box-flex:1;-ms-flex-positive:1;flex-grow:1;white-space:pre-wrap}.elementor-counter .elementor-counter-number-prefix{text-align:right}.elementor-counter .elementor-counter-number-suffix{text-align:left}.elementor-counter .elementor-counter-title{text-align:center;font-size:19px;font-weight:400;line-height:2.5}<\/style>\t\t<div class=\"elementor-counter\">\n\t\t\t<div class=\"elementor-counter-number-wrapper\">\n\t\t\t\t<span class=\"elementor-counter-number-prefix\"><\/span>\n\t\t\t\t<span class=\"elementor-counter-number\" data-duration=\"1000\" data-to-value=\"600\" data-from-value=\"395\">395<\/span>\n\t\t\t\t<span class=\"elementor-counter-number-suffix\"><\/span>\n\t\t\t<\/div>\n\t\t\t\t\t<\/div>\n\t\t\t\t<\/div>\n\t\t\t\t<\/div>\n\t\t\t\t<div class=\"elementor-element elementor-element-a059b2d st-link6 elementor-invisible elementor-widget elementor-widget-litho-heading\" data-id=\"a059b2d\" data-element_type=\"widget\" data-settings=\"{&quot;_animation&quot;:&quot;fadeInUp&quot;}\" data-widget_type=\"litho-heading.default\">\n\t\t\t\t<div class=\"elementor-widget-container\">\n\t\t\t<h2 class=\"litho-heading elementor-size-default\"><span class=\"litho-primary-title\">ACTIVE CUSTOMERS<\/span><\/h2>\t\t<\/div>\n\t\t\t\t<\/div>\n\t\t\t\t\t<\/div>\n\t\t<\/div>\n\t\t\t\t<div class=\"elementor-column elementor-col-50 elementor-top-column elementor-element elementor-element-7388625\" data-fullscreen-column-settings=\"{&quot;fullscreen&quot;:&quot;&quot;}\" data-id=\"7388625\" data-element_type=\"column\" data-settings=\"{&quot;background_background&quot;:&quot;classic&quot;}\">\n\t\t\t<div class=\"elementor-widget-wrap elementor-element-populated\">\n\t\t\t\t\t<div class=\"elementor-background-overlay\"><\/div>\n\t\t\t\t\t\t\t\t<div class=\"elementor-element elementor-element-ca703be elementor-widget__width-inherit elementor-widget-mobile__width-inherit st-licznik elementor-widget elementor-widget-counter\" data-id=\"ca703be\" data-element_type=\"widget\" data-widget_type=\"counter.default\">\n\t\t\t\t<div class=\"elementor-widget-container\">\n\t\t\t\t\t<div class=\"elementor-counter\">\n\t\t\t<div class=\"elementor-counter-number-wrapper\">\n\t\t\t\t<span class=\"elementor-counter-number-prefix\"><\/span>\n\t\t\t\t<span class=\"elementor-counter-number\" data-duration=\"1000\" data-to-value=\"98\" data-from-value=\"78\">78<\/span>\n\t\t\t\t<span class=\"elementor-counter-number-suffix\">%<\/span>\n\t\t\t<\/div>\n\t\t\t\t\t<\/div>\n\t\t\t\t<\/div>\n\t\t\t\t<\/div>\n\t\t\t\t<div class=\"elementor-element elementor-element-972ea7d st-link6 elementor-invisible elementor-widget elementor-widget-litho-heading\" data-id=\"972ea7d\" data-element_type=\"widget\" data-settings=\"{&quot;_animation&quot;:&quot;fadeInUp&quot;}\" data-widget_type=\"litho-heading.default\">\n\t\t\t\t<div class=\"elementor-widget-container\">\n\t\t\t<h2 class=\"litho-heading elementor-size-default\"><span class=\"litho-primary-title\">RETURNING<\/br>CUSTOMERS<\/span><\/h2>\t\t<\/div>\n\t\t\t\t<\/div>\n\t\t\t\t\t<\/div>\n\t\t<\/div>\n\t\t\t\t\t\t\t<\/div>\n\t\t<\/section>\n\t\t\t\t<section class=\"elementor-section elementor-top-section elementor-element elementor-element-f88bc4d elementor-section-content-middle elementor-section-stretched elementor-section-height-min-height elementor-section-items-stretch elementor-section-boxed elementor-section-height-default\" data-id=\"f88bc4d\" data-element_type=\"section\" data-settings=\"{&quot;stretch_section&quot;:&quot;section-stretched&quot;,&quot;background_background&quot;:&quot;classic&quot;}\">\n\t\t\t\t\t\t<div class=\"elementor-container elementor-column-gap-default\">\n\t\t\t\t\t<div class=\"elementor-column elementor-col-100 elementor-top-column elementor-element elementor-element-a0d1f5b\" data-fullscreen-column-settings=\"{&quot;fullscreen&quot;:&quot;&quot;}\" data-id=\"a0d1f5b\" data-element_type=\"column\">\n\t\t\t<div class=\"elementor-widget-wrap elementor-element-populated\">\n\t\t\t\t\t\t\t\t<div class=\"elementor-element elementor-element-094af44 elementor-widget elementor-widget-heading\" data-id=\"094af44\" data-element_type=\"widget\" data-widget_type=\"heading.default\">\n\t\t\t\t<div class=\"elementor-widget-container\">\n\t\t\t<h2 class=\"elementor-heading-title elementor-size-default\">Just like THAT!<\/h2>\t\t<\/div>\n\t\t\t\t<\/div>\n\t\t\t\t\t<\/div>\n\t\t<\/div>\n\t\t\t\t\t\t\t<\/div>\n\t\t<\/section>\n\t\t\t\t<section class=\"elementor-section elementor-top-section elementor-element elementor-element-b953a83 elementor-section-full_width elementor-section-height-default elementor-section-height-default\" data-id=\"b953a83\" data-element_type=\"section\">\n\t\t\t\t\t\t<div class=\"elementor-container elementor-column-gap-default\">\n\t\t\t\t\t<div class=\"elementor-column elementor-col-100 elementor-top-column elementor-element elementor-element-5bf0499\" data-fullscreen-column-settings=\"{&quot;fullscreen&quot;:&quot;&quot;}\" data-id=\"5bf0499\" data-element_type=\"column\">\n\t\t\t<div class=\"elementor-widget-wrap elementor-element-populated\">\n\t\t\t\t\t\t\t\t<div class=\"elementor-element elementor-element-ba19f07 st-link5 elementor-invisible elementor-widget elementor-widget-litho-heading\" data-id=\"ba19f07\" data-element_type=\"widget\" data-settings=\"{&quot;_animation&quot;:&quot;fadeInUp&quot;}\" data-widget_type=\"litho-heading.default\">\n\t\t\t\t<div class=\"elementor-widget-container\">\n\t\t\t<h2 class=\"litho-heading elementor-size-default\"><span class=\"litho-primary-title\">Let\u2019s talk<\/span><span class=\"litho-secondary-title\"><a href=\"tel:+48586992250\">+48 58 699 22 50<\/a><\/span><\/h2>\t\t<\/div>\n\t\t\t\t<\/div>\n\t\t\t\t\t<\/div>\n\t\t<\/div>\n\t\t\t\t\t\t\t<\/div>\n\t\t<\/section>\n\t\t\t\t\t\t<\/div>\n\t\t\t\t\t<\/div>","protected":false},"excerpt":{"rendered":"<p>Zaufanie PONAD 395 AKTYWNYCH KLIENT\u00d3W 78 % KLIENT\u00d3WPOWRACAJ\u0104CYCH Just like THAT! Porozmawiajmy+48 58 699 22 50<\/p>","protected":false},"author":1,"featured_media":0,"parent":0,"menu_order":0,"comment_status":"closed","ping_status":"closed","template":"","meta":{"inline_featured_image":false},"_links":{"self":[{"href":"https:\/\/smarttrans.pl\/en\/wp-json\/wp\/v2\/pages\/76975"}],"collection":[{"href":"https:\/\/smarttrans.pl\/en\/wp-json\/wp\/v2\/pages"}],"about":[{"href":"https:\/\/smarttrans.pl\/en\/wp-json\/wp\/v2\/types\/page"}],"author":[{"embeddable":true,"href":"https:\/\/smarttrans.pl\/en\/wp-json\/wp\/v2\/users\/1"}],"replies":[{"embeddable":true,"href":"https:\/\/smarttrans.pl\/en\/wp-json\/wp\/v2\/comments?post=76975"}],"version-history":[{"count":0,"href":"https:\/\/smarttrans.pl\/en\/wp-json\/wp\/v2\/pages\/76975\/revisions"}],"wp:attachment":[{"href":"https:\/\/smarttrans.pl\/en\/wp-json\/wp\/v2\/media?parent=76975"}],"curies":[{"name":"wp","href":"https:\/\/api.w.org\/{rel}","templated":true}]}}