{"id":3,"date":"2022-02-01T10:18:59","date_gmt":"2022-02-01T09:18:59","guid":{"rendered":"https:\/\/smarttrans.pl\/?page_id=3"},"modified":"2022-03-18T11:04:42","modified_gmt":"2022-03-18T10:04:42","slug":"polityka-prywatnosci","status":"publish","type":"page","link":"https:\/\/smarttrans.pl\/en\/polityka-prywatnosci\/","title":{"rendered":"Polityka prywatno\u015bci"},"content":{"rendered":"<div data-elementor-type=\"wp-page\" data-elementor-id=\"3\" class=\"elementor elementor-3\" data-elementor-settings=\"[]\">\n\t\t\t\t\t\t\t<div class=\"elementor-section-wrap\">\n\t\t\t\t\t\t\t<section class=\"elementor-section elementor-top-section elementor-element elementor-element-3d5f9391 elementor-section-boxed elementor-section-height-default elementor-section-height-default\" data-id=\"3d5f9391\" data-element_type=\"section\">\n\t\t\t\t\t\t<div class=\"elementor-container elementor-column-gap-default\">\n\t\t\t\t\t<div class=\"elementor-column elementor-col-100 elementor-top-column elementor-element elementor-element-57ce611a\" data-fullscreen-column-settings=\"{&quot;fullscreen&quot;:&quot;&quot;}\" data-id=\"57ce611a\" data-element_type=\"column\">\n\t\t\t<div class=\"elementor-widget-wrap elementor-element-populated\">\n\t\t\t\t\t\t\t\t<div class=\"elementor-element elementor-element-32a4a4db elementor-widget elementor-widget-text-editor\" data-id=\"32a4a4db\" data-element_type=\"widget\" data-widget_type=\"text-editor.default\">\n\t\t\t\t<div class=\"elementor-widget-container\">\n\t\t\t<style>\/*! elementor - v3.5.6 - 28-02-2022 *\/\n.elementor-widget-text-editor.elementor-drop-cap-view-stacked .elementor-drop-cap{background-color:#818a91;color:#fff}.elementor-widget-text-editor.elementor-drop-cap-view-framed .elementor-drop-cap{color:#818a91;border:3px solid;background-color:transparent}.elementor-widget-text-editor:not(.elementor-drop-cap-view-default) .elementor-drop-cap{margin-top:8px}.elementor-widget-text-editor:not(.elementor-drop-cap-view-default) .elementor-drop-cap-letter{width:1em;height:1em}.elementor-widget-text-editor .elementor-drop-cap{float:left;text-align:center;line-height:1;font-size:50px}.elementor-widget-text-editor .elementor-drop-cap-letter{display:inline-block}<\/style>\t\t\t\t<p><strong> Polityka prywatno\u015bci<br \/>Smart TransRafa\u0142 Ba\u0144kowski Tomasz Lesi\u0144ski <br \/>Sp\u00f3\u0142ka jawna z siedzib\u0105 w Gdyni <\/strong><\/p>\n<div>\n<p>Polityk\u0119 prywatno\u015bci przygotowali\u015bmy w oparciu o Rozporz\u0105dzenie Parlamentu Europejskiego i Rady (UE) nr 2016\/679 z dnia 27 kwietnia 2016 r. w sprawie ochrony os\u00f3b fizycznych w\u00a0zwi\u0105zku z\u00a0przetwarzaniem danych osobowych i\u00a0w\u00a0sprawie swobodnego przep\u0142ywu takich danych oraz uchylenia dyrektywy 95\/46\/WE (og\u00f3lne rozporz\u0105dzenie o\u00a0ochronie danych) (Dz. Urz. UE L 119, z dnia 4.5.2016r.,) (dalej: <strong>Rozporz\u0105dzenie 2016\/679<\/strong>).<\/p>\n<p>Ilekro\u0107 w Polityce u\u017cywamy poj\u0119cia dane osobowe, rozumiemy przez to wszelkie informacje identyfikuj\u0105ce lub umo\u017cliwiaj\u0105ce identyfikacj\u0119 osoby fizycznej, takie jak imi\u0119, nazwisko, adres e-mail, nr telefonu, adres zamieszkania itp. Natomiast poprzez przetwarzanie danych rozumiemy wszelkie operacje wykonywane na danych osobowych jak np. zbieranie, utrwalanie, przechowywanie, modyfikowanie, przegl\u0105danie, ujawnianie, usuwanie.<\/p>\n<p>Korzystaj\u0105c z naszej strony internetowej wyra\u017casz zgod\u0119 na przetwarzanie Twoich danych zgodnie z Polityk\u0105 prywatno\u015bci.<\/p>\n<p>Administratorem Twoich danych osobowych jest Smart Trans Rafa\u0142 Ba\u0144kowski Tomasz Lesi\u0144ski Sp\u00f3\u0142ka jawna z siedzib\u0105 w Gdyni, ul. Polska 13A, 81-339 Gdynia, wpisana do Rejestru Przedsi\u0119biorc\u00f3w prowadzonego przez S\u0105d Rejonowy Gda\u0144sk-P\u00f3\u0142noc w Gda\u0144sku, VIII Wydzia\u0142 Gospodarczy Krajowego Rejestru S\u0105dowego pod numerem KRS 345713, NIP: 5862175125, REGON: 220258076 (dalej: \u201eAdministrator\u201d).<\/p>\n<p>Wszelkie pytania oraz wnioski dotycz\u0105ce przetwarzania danych osobowych mo\u017cna kierowa\u0107 do Administratora na adres e-mail <a href=\"mailto:biuro@smarttrans.pl\">biuro@smarttrans.pl<\/a> lub drog\u0105 poczty tradycyjnej na adres: <strong>Smart Trans Rafa\u0142 Ba\u0144kowski Tomasz Lesi\u0144ski Sp\u00f3\u0142ka jawna z siedzib\u0105 w Gdyni<\/strong>, ul. Polska 13A, 81-339 Gdynia, z dopiskiem \u201eAdministrator Ochrony Danych\u201d.<\/p>\n<\/div>\n<p><strong>Kiedy przetwarzamy Twoje dane osobowe?<\/strong><\/p>\n<ol>\n<li>Twoje dane osobowe przetwarzamy w szczeg\u00f3lno\u015bci w zwi\u0105zku z korzystaniem przez Ciebie z oferowanych przez nas us\u0142ug.<\/li>\n<li>Twoje dane przetwarzamy tak\u017ce w zwi\u0105zku z kierowan\u0105 do nas przez Ciebie w r\u00f3\u017cnych sprawach korespondencj\u0105, w tym spos\u00f3b tradycyjny, telefonicznie lub elektronicznie.<\/li>\n<li>Twoje dane osobowe mo\u017cemy r\u00f3wnie\u017c przetwarza\u0107 do kierowania komunikat\u00f3w o charakterze marketingowym, je\u017celi pozwalaj\u0105 nam na to obowi\u0105zuj\u0105ce przepisy prawa, jest to naszym prawnie usprawiedliwionym interesem jako administratora Twoich danych osobowych lub wyrazi\u0142e\u015b nam na to zgod\u0119.<\/li>\n<li>Twoje dane przetwarzamy tak\u017ce w zwi\u0105zku z na\u0142o\u017conymi na nas obowi\u0105zkami okre\u015blonymi obowi\u0105zuj\u0105cymi przepisami prawa.<\/li>\n<\/ol>\n<p><strong>W jaki spos\u00f3b gromadzimy Twoje dane osobowe?<\/strong><\/p>\n<div>Twoje dane gromadzimy w nast\u0119puj\u0105cy spos\u00f3b:<\/div>\n<ol>\n<li>gdy swoje dane podajesz nam osobi\u015bcie np. w wype\u0142nianych przez Ciebie formularzach, na naszych stronach internetowych lub systemach informatycznych, przez media spo\u0142eczno\u015bciowe, poczt\u0105 elektroniczn\u0105, poczt\u0105 tradycyjn\u0105, przez telefon lub w inny spos\u00f3b;<\/li>\n<li>automatycznie, gdy korzystasz z naszych stron internetowych lub rozwi\u0105za\u0144 dost\u0119pnych w systemach informatycznych (np. gromadzimy Twoje dane z wykorzystaniem plik\u00f3w <i>cookies<\/i> lub innych dost\u0119pnych narz\u0119dzi umo\u017cliwiaj\u0105cych nam profilowanie Twoich potrzeb);<\/li>\n<li>gdy otrzymujemy je od podmiot\u00f3w trzecich np. podmiot\u00f3w z kt\u00f3rymi wsp\u00f3\u0142pracujemy \u2013 mo\u017cemy przy tym wyst\u0119powa\u0107 w takich przypadkach w roli administratora Twoich danych osobowych lub w roli podmiotu przetwarzaj\u0105cego Twoje dane na zlecenie innego administratora.<\/li>\n<\/ol>\n<p><strong>Czy jeste\u015b zobowi\u0105zany podawa\u0107 nam swoje dane osobowe?<\/strong><\/p>\n<div>Twoje dane podajesz nam dobrowolnie. Niemniej jednak w niekt\u00f3rych sytuacjach podanie danych jest niezb\u0119dne np. do zawarcia umowy z nami lub w\u0142a\u015bciwego \u015bwiadczenia przez nas us\u0142ug na Twoj\u0105 rzecz. Czasami jednak podanie danych jest obowi\u0105zkiem wynikaj\u0105cym z obowi\u0105zuj\u0105cych przepis\u00f3w prawa.<\/div>\n<p><strong>W jakim celu i na jakiej podstawie prawnej przetwarzamy Twoje dane osobowe?<\/strong><\/p>\n<div>Twoje dane przetwarzamy w szczeg\u00f3lno\u015bci w nast\u0119puj\u0105cych celach:<\/div>\n<ul>\n<li>zwi\u0105zanych z prowadzonymi przez nas post\u0119powaniami rekrutacyjnymi lub kierowaniem do Ciebie komunikat\u00f3w o charakterze marketingowym &#8211; podstaw\u0105 prawn\u0105 takiego przetwarzania danych osobowych jest wyra\u017cenie przez osob\u0119, kt\u00f3rej dane dotycz\u0105 zgody na przetwarzanie danych osobowych w jednym lub wi\u0119kszej liczbie okre\u015blonych cel\u00f3w (art. 6 ust. 1 pkt. a) Rozporz\u0105dzenia 2016\/679),<\/li>\n<li>do podj\u0119cia dzia\u0142a\u0144 na Twoje \u017c\u0105danie przed zawarciem umowy np. w celu rozpatrzenia Twojego wniosku, w kt\u00f3rym wyrazi\u0142e\u015b ch\u0119\u0107 nawi\u0105zania wsp\u00f3\u0142pracy z nami lub gdy dopytujesz o szczeg\u00f3\u0142y naszej oferty, kt\u00f3r\u0105 si\u0119 interesujesz &#8211; podstaw\u0105 prawn\u0105 takiego przetwarzania danych osobowych jest niezb\u0119dno\u015b\u0107 przetwarzania do wykonania umowy, kt\u00f3rej stron\u0105 jest osoba, kt\u00f3rej dane dotycz\u0105, lub do podj\u0119cia dzia\u0142a\u0144 na \u017c\u0105danie osoby, kt\u00f3rej dane dotycz\u0105, przed zawarciem umowy [art. 6 ust. 1 pkt. b) Rozporz\u0105dzenia 2016\/679,<\/li>\n<li>zawarcia i wykonania umowy na \u015bwiadczenie oferowanych przez nas us\u0142ug &#8211; podstaw\u0105 prawn\u0105 takiego przetwarzania danych osobowych jest niezb\u0119dno\u015b\u0107 przetwarzania do wykonania umowy, kt\u00f3rej stron\u0105 jest osoba, kt\u00f3rej dane dotycz\u0105, lub do podj\u0119cia dzia\u0142a\u0144 na \u017c\u0105danie osoby, kt\u00f3rej dane dotycz\u0105, przed zawarciem umowy [art. 6 ust. 1 pkt. b) Rozporz\u0105dzenia 2016\/679,<\/li>\n<li>do wype\u0142nienia obowi\u0105zku prawnego ci\u0105\u017c\u0105cego na administratorze danych np. obowi\u0105zku przechowywania okre\u015blonych przepisami prawa danych przez okre\u015blony czas (np. dokumentacja z zakresu rachunkowo\u015bci), zebrania informacji w celu dokonania identyfikacji lub weryfikacji osoby fizycznej, przekazania danych uprawnionym organom lub podmiotom (np. policja, prokurator itp.),<\/li>\n<li>obs\u0142ugi korespondencji, rozpatrzenia Twojego pytania lub zg\u0142oszonej przez Ciebie sprawy (np. wniosku o realizacj\u0119 przys\u0142uguj\u0105cych Ci praw do ochrony danych osobowych, skargi, reklamacji itp.), ustalenia, dochodzenia lub obrony przez nas roszcze\u0144 z tytu\u0142u prowadzonej dzia\u0142alno\u015bci, prowadzenia marketingu bezpo\u015bredniego w\u0142asnych produkt\u00f3w lub us\u0142ug, monitorowania aktywno\u015bci lub profilowania potrzeb u\u017cytkownik\u00f3w w serwisach internetowych lub w celu realizacji innych prawnie uzasadnionych interes\u00f3w administratora danych lub strony trzeciej &#8211; podstaw\u0105 prawn\u0105 takiego przetwarzania danych osobowych jest niezb\u0119dno\u015b\u0107 przetwarzania do cel\u00f3w wynikaj\u0105cych z prawnie uzasadnionych interes\u00f3w realizowanych przez administratora lub przez stron\u0119 trzeci\u0105 (art. 6 ust. 1 pkt. f) Rozporz\u0105dzenia2016\/679);<\/li>\n<\/ul>\n<p><strong>Czy Twoje dane udost\u0119pniamy innym podmiotom?<\/strong><\/p>\n<div>Co do zasady, nie udost\u0119pniamy Twoich danych osobowych osobom trzecim, chyba \u017ce:<\/div>\n<ol>\n<li>wyrazisz nam na to stosown\u0105 zgod\u0119;<\/li>\n<li>udost\u0119pnienie Twoich danych przez nas jest uzasadnione realizowan\u0105 przez nas us\u0142ug\u0105 na Twoj\u0105 rzecz;<\/li>\n<li>przepisy obowi\u0105zuj\u0105cego prawa nak\u0142adaj\u0105 na nas obowi\u0105zek udost\u0119pnienia Twoich danych np. organom \u015bcigania w zwi\u0105zku z prowadzonymi przez nie post\u0119powaniami;<\/li>\n<li>przy wykonywaniu zada\u0144 zwi\u0105zanych z przetwarzaniem Twoich danych posi\u0142kujemy si\u0119 podwykonawcami, kt\u00f3rym powierzamy Twoje dane do przetwarzania celem pomocy nam w realizacji takiego zadania np. przy przechowywaniu lub niszczeniu danych, przy zapewnianiu pomocy technicznej naszym urz\u0105dzeniom itd.<\/li>\n<\/ol>\n<p>Powierzaj\u0105c Twoje dane do przetwarzania naszym podwykonawcom, robimy to zawsze w okre\u015blonym celu i dbamy aby nasi podwykonawcy spe\u0142niali warunki ochrony danych osobowych okre\u015blone obowi\u0105zuj\u0105cymi przepisami prawa.<\/p>\n<p>Co do zasady przetwarzamy Twoje dane osobowe w Europejskim Obszarze Gospodarczym (dalej: EOG). Przy udost\u0119pnianiu Twoich danych poza EOG zabezpieczamy Twoje dane osobowe w spos\u00f3b przewidziany przez obowi\u0105zuj\u0105ce w tym zakresie przepisy prawa. Twoich danych osobowych nie przekazujemy do organizacji mi\u0119dzynarodowych.<\/p>\n<p><strong>Czy w mojej sprawie decyzje podejmowane s\u0105 w spos\u00f3b zautomatyzowany?<\/strong><\/p>\n<p>Nie przetwarzamy danych osobowych w oparciu o procesy zautomatyzowanego podejmowania decyzji.<\/p>\n<p><strong>Jakie prawa mi przys\u0142uguj\u0105 jako podmiotowi danych osobowych?<\/strong><\/p>\n<div>Przys\u0142uguj\u0105 Ci nast\u0119puj\u0105ce prawa:<\/div>\n<ol>\n<li>prawo do bycia informowanym o tym kto, w jakich celach, jakiego rodzaju Twoje dane osobowe przetwarza, komu Twoje dane s\u0105 udost\u0119pniane, przez jaki okres dane s\u0105 przetwarzane, prawach jakie Tobie przys\u0142uguj\u0105 jako podmiotowi danych osobowych, jakie jest \u017ar\u00f3d\u0142o danych (je\u017celi dane nie pochodz\u0105 bezpo\u015brednio od Ciebie), czy dane podlegaj\u0105 procesom podejmowania zautomatyzowanych decyzji oraz czy s\u0105 przekazywane do pa\u0144stw trzecich lub organizacji mi\u0119dzynarodowych;<\/li>\n<li>prawo do cofni\u0119cia zgody na przetwarzanie danych osobowych w dowolnym momencie bez wp\u0142ywu na zgodno\u015b\u0107 z prawem przetwarzania, kt\u00f3rego dokonano na podstawie zgody przed jej cofni\u0119ciem;<\/li>\n<li>prawo do dost\u0119pu do Twoich danych osobowych;<\/li>\n<li>prawo do sprostowania danych;<\/li>\n<li>prawo do usuwania danych (tzw. prawo do bycia zapomnianym);<\/li>\n<li>prawo do ograniczenia przetwarzania danych;<\/li>\n<li>prawo do bycia poinformowanym o sprostowaniu lub usuni\u0119ciu Twoich danych;<\/li>\n<li>prawo do przenoszenia danych (prawo do otrzymania swoich danych osobowych w ustrukturyzowanym, powszechnie u\u017cywanym, nadaj\u0105cym si\u0119 do odczytu maszynowego formacie);<\/li>\n<li>prawo do wniesienia sprzeciwu wobec przetwarzania danych na podstawie prawnie usprawiedliwionego interesu administratora lub wykonania zadania realizowanego w interesie publicznym;<\/li>\n<li>prawo do wniesienia skargi do organu nadzorczego w zakresie ochrony danych osobowych.<\/li>\n<\/ol>\n<p><strong>Pliki cookies<\/strong><\/p>\n<p>Pliki <i>cookies<\/i> to ma\u0142e pliki tekstowe, instalowane na urz\u0105dzeniu u\u017cytkownika, przegl\u0105daj\u0105cego serwis internetowy. Zawieraj\u0105 zazwyczaj unikalny numer, czas przechowywania ich na urz\u0105dzeniu oraz nazw\u0119 domeny serwisu internetowego, z kt\u00f3rego pochodz\u0105.<\/p>\n<p>Poprzez domy\u015blne ustawienia swojej przegl\u0105darki internetowej wyra\u017casz zgod\u0119 na instalowanie na Twoich urz\u0105dzeniach plik\u00f3w <i>cookies<\/i>. Zgod\u0119 na instalowanie plik\u00f3w cookies mo\u017cesz cofn\u0105 w ka\u017cdym czasie poprzez zmian\u0119 ustawie\u0144 w swojej przegl\u0105darce.<\/p>\n<p>Pliki <i>cookies<\/i> wykorzystujemy przede wszystkim w celu wy\u015bwietlania tre\u015bci oraz poprawy jako\u015bci naszych us\u0142ug (tzw. <i>cookies<\/i> serwisowe). Na ich podstawie prowadzimy badania analityczne i statystyczne ruchu w naszym serwisie internetowym.<\/p>\n<p>W naszym serwisie internetowym stosujemy dwa zasadnicze rodzaje plik\u00f3w <i>cookies<\/i> &#8211; sesyjne i sta\u0142e. Pliki sesyjne s\u0105 tymczasowe, przechowuje si\u0119 je do momentu opuszczenia strony serwisu internetowego (poprzez wej\u015bcie na inn\u0105 stron\u0119, wylogowanie lub wy\u0142\u0105czenie przegl\u0105darki). Pliki sta\u0142e przechowywane s\u0105 w urz\u0105dzeniu ko\u0144cowym u\u017cytkownika do czasu ich usuni\u0119cia przez u\u017cytkownika lub przez czas wynikaj\u0105cy z ich ustawie\u0144.<\/p>\n<p>Wykorzystujemy nast\u0119puj\u0105ce typy plik\u00f3w <i>cookies<\/i>:<\/p>\n<ol>\n<li>pliki <i>cookies<\/i> z danymi wprowadzanymi przez u\u017cytkownika serwisu (identyfikator sesji) na czas trwania sesji;<\/li>\n<li>uwierzytelniaj\u0105ce pliki <i>cookies<\/i> wykorzystywane do us\u0142ug wymagaj\u0105cych uwierzytelniania na czas trwania sesji;<\/li>\n<li>pliki <i>cookies<\/i> s\u0142u\u017c\u0105ce do zapewnienia bezpiecze\u0144stwa, np. wykorzystywane do\u00a0wykrywania nadu\u017cy\u0107 w zakresie uwierzytelniania;<\/li>\n<li>sesyjne pliki <i>cookies<\/i> odtwarzaczy multimedialnych (np. odtwarzacza flash), na czas trwania sesji;<\/li>\n<li>trwa\u0142e pliki <i>cookies<\/i> s\u0142u\u017c\u0105ce do personalizacji interfejsu u\u017cytkownika, na czas trwania sesji lub nieco d\u0142u\u017cej,<\/li>\n<li>pliki <i>cookies<\/i> s\u0142u\u017c\u0105ce do monitorowania ruchu na stronie internetowej, tj. analityki danych.<\/li>\n<\/ol>\n<p><strong>Okres przetwarzania danych<\/strong><\/p>\n<div>Dane osobowe przetwarzane s\u0105 przez okres:<\/div>\n<ol>\n<li>obowi\u0105zywania \u0142\u0105cz\u0105cych nas z Tob\u0105 um\u00f3w;<\/li>\n<li>rozpatrywania przez nas zg\u0142aszanych przez Ciebie wniosk\u00f3w, pyta\u0144, skarg lub reklamacji;<\/li>\n<li>przetwarzania Twoich danych na podstawie udzielonej nam zgody do czasu jej cofni\u0119cia;<\/li>\n<li>wype\u0142niania obowi\u0105zk\u00f3w prawnych spoczywaj\u0105cych na administratorze zgodnie z obowi\u0105zuj\u0105cymi przepisami prawa.<\/li>\n<\/ol>\n<p>Okres przetwarzania danych osobowych mo\u017ce zosta\u0107 ka\u017cdorazowo przed\u0142u\u017cony o okres przedawnienia roszcze\u0144, je\u017celi przetwarzanie danych osobowych b\u0119dzie niezb\u0119dne dla dochodzenia ewentualnych roszcze\u0144 lub obrony przed takimi roszczeniami. Po tym okresie dane b\u0119d\u0105 przetwarzane jedynie w zakresie i przez czas wymagany przepisami prawa.<\/p>\n<!-- wp:heading --><!-- \/wp:paragraph -->\t\t\t\t\t\t<\/div>\n\t\t\t\t<\/div>\n\t\t\t\t\t<\/div>\n\t\t<\/div>\n\t\t\t\t\t\t\t<\/div>\n\t\t<\/section>\n\t\t\t\t\t\t<\/div>\n\t\t\t\t\t<\/div>","protected":false},"excerpt":{"rendered":"<p>Polityka prywatno\u015bciSmart TransRafa\u0142 Ba\u0144kowski Tomasz Lesi\u0144ski Sp\u00f3\u0142ka jawna z siedzib\u0105 w Gdyni Polityk\u0119 prywatno\u015bci przygotowali\u015bmy w oparciu o Rozporz\u0105dzenie Parlamentu Europejskiego i Rady (UE) nr 2016\/679 z dnia 27 kwietnia 2016 r. w sprawie ochrony os\u00f3b fizycznych w\u00a0zwi\u0105zku z\u00a0przetwarzaniem danych osobowych i\u00a0w\u00a0sprawie swobodnego przep\u0142ywu takich danych oraz uchylenia dyrektywy 95\/46\/WE (og\u00f3lne rozporz\u0105dzenie o\u00a0ochronie danych) (Dz. [&hellip;]<\/p>","protected":false},"author":1,"featured_media":0,"parent":0,"menu_order":0,"comment_status":"closed","ping_status":"open","template":"","meta":{"inline_featured_image":false},"_links":{"self":[{"href":"https:\/\/smarttrans.pl\/en\/wp-json\/wp\/v2\/pages\/3"}],"collection":[{"href":"https:\/\/smarttrans.pl\/en\/wp-json\/wp\/v2\/pages"}],"about":[{"href":"https:\/\/smarttrans.pl\/en\/wp-json\/wp\/v2\/types\/page"}],"author":[{"embeddable":true,"href":"https:\/\/smarttrans.pl\/en\/wp-json\/wp\/v2\/users\/1"}],"replies":[{"embeddable":true,"href":"https:\/\/smarttrans.pl\/en\/wp-json\/wp\/v2\/comments?post=3"}],"version-history":[{"count":0,"href":"https:\/\/smarttrans.pl\/en\/wp-json\/wp\/v2\/pages\/3\/revisions"}],"wp:attachment":[{"href":"https:\/\/smarttrans.pl\/en\/wp-json\/wp\/v2\/media?parent=3"}],"curies":[{"name":"wp","href":"https:\/\/api.w.org\/{rel}","templated":true}]}}